{"id":242116,"date":"2021-10-03T10:23:55","date_gmt":"2021-10-03T08:23:55","guid":{"rendered":"https:\/\/www.wesco-group.com\/?page_id=242116"},"modified":"2022-02-15T16:30:18","modified_gmt":"2022-02-15T15:30:18","slug":"plan-du-site","status":"publish","type":"page","link":"https:\/\/www.wesco-group.com\/pt\/plan-du-site\/","title":{"rendered":"Mapa do site"},"content":{"rendered":"<p>[et_pb_section fb_built=\u00a0\u00bb1&Prime; admin_label=\u00a0\u00bbEn-t\u00eate titre\u00a0\u00bb _builder_version=\u00a0\u00bb4.14.7&Prime; _module_preset=\u00a0\u00bbdefault\u00a0\u00bb background_color=\u00a0\u00bb#f9f9f9&Prime; custom_margin=\u00a0\u00bb100px||||false|false\u00a0\u00bb global_colors_info=\u00a0\u00bb{}\u00a0\u00bb][et_pb_row custom_padding_last_edited=\u00a0\u00bbon|phone\u00a0\u00bb _builder_version=\u00a0\u00bb4.9.10&Prime; _module_preset=\u00a0\u00bbdefault\u00a0\u00bb custom_padding=\u00a0\u00bb2vh||2vh||true|false\u00a0\u00bb custom_padding_tablet=\u00a0\u00bb\u00a0\u00bb custom_padding_phone=\u00a0\u00bb0vh||0vh||true|false\u00a0\u00bb global_colors_info=\u00a0\u00bb{}\u00a0\u00bb][et_pb_column type=\u00a0\u00bb4_4&Prime; _builder_version=\u00a0\u00bb4.9.10&Prime; _module_preset=\u00a0\u00bbdefault\u00a0\u00bb global_colors_info=\u00a0\u00bb{}\u00a0\u00bb][et_pb_text _builder_version=\u00a0\u00bb4.9.10&Prime; _module_preset=\u00a0\u00bbdefault\u00a0\u00bb header_font=\u00a0\u00bbOswald|600|||||||\u00a0\u00bb header_text_color=\u00a0\u00bb#125671&Prime; header_font_size=\u00a0\u00bb2.5vw\u00a0\u00bb text_font_size_last_edited=\u00a0\u00bboff|desktop\u00a0\u00bb header_font_size_tablet=\u00a0\u00bb4vw\u00a0\u00bb header_font_size_phone=\u00a0\u00bb30px\u00a0\u00bb header_font_size_last_edited=\u00a0\u00bbon|phone\u00a0\u00bb global_colors_info=\u00a0\u00bb{}\u00a0\u00bb]<\/p>\n<h1>Mapa do site<\/h1>\n<p>[\/et_pb_text][\/et_pb_column][\/et_pb_row][\/et_pb_section][et_pb_section fb_built=\u00a0\u00bb1&Prime; custom_padding_last_edited=\u00a0\u00bbon|phone\u00a0\u00bb admin_label=\u00a0\u00bbContenus\u00a0\u00bb _builder_version=\u00a0\u00bb4.9.10&Prime; _module_preset=\u00a0\u00bbdefault\u00a0\u00bb custom_margin_tablet=\u00a0\u00bb\u00a0\u00bb custom_margin_phone=\u00a0\u00bb0px||0px||true|false\u00a0\u00bb custom_margin_last_edited=\u00a0\u00bbon|phone\u00a0\u00bb custom_padding_tablet=\u00a0\u00bb\u00a0\u00bb custom_padding_phone=\u00a0\u00bb0px||0px||true|false\u00a0\u00bb global_colors_info=\u00a0\u00bb{}\u00a0\u00bb][et_pb_row custom_padding_last_edited=\u00a0\u00bbon|phone\u00a0\u00bb _builder_version=\u00a0\u00bb4.9.10&Prime; _module_preset=\u00a0\u00bbdefault\u00a0\u00bb custom_padding=\u00a0\u00bb0px||0px||true|false\u00a0\u00bb custom_padding_tablet=\u00a0\u00bb0px||0px||true|false\u00a0\u00bb custom_padding_phone=\u00a0\u00bb40px||40px||true|false\u00a0\u00bb global_colors_info=\u00a0\u00bb{}\u00a0\u00bb][et_pb_column type=\u00a0\u00bb4_4&Prime; _builder_version=\u00a0\u00bb4.9.10&Prime; _module_preset=\u00a0\u00bbdefault\u00a0\u00bb global_colors_info=\u00a0\u00bb{}\u00a0\u00bb][et_pb_text _builder_version=\u00a0\u00bb4.9.10&Prime; _module_preset=\u00a0\u00bbdefault\u00a0\u00bb header_2_font=\u00a0\u00bbOswald||||||||\u00a0\u00bb header_2_font_size=\u00a0\u00bb2.2vw\u00a0\u00bb header_2_font_size_tablet=\u00a0\u00bb3.8vw\u00a0\u00bb header_2_font_size_phone=\u00a0\u00bb30px\u00a0\u00bb header_2_font_size_last_edited=\u00a0\u00bbon|phone\u00a0\u00bb global_colors_info=\u00a0\u00bb{}\u00a0\u00bb]<\/p>\n<h2>P\u00e1ginas<\/h2>\n<p>[\/et_pb_text][et_pb_text _builder_version=\u00a0\u00bb4.9.10&Prime; _module_preset=\u00a0\u00bbdefault\u00a0\u00bb text_font=\u00a0\u00bbOpen Sans||||||||\u00a0\u00bb text_text_color=\u00a0\u00bb#595959&Prime; text_font_size=\u00a0\u00bb1.5vw\u00a0\u00bb text_line_height=\u00a0\u00bb0.6em\u00a0\u00bb width=\u00a0\u00bb100%\u00a0\u00bb width_tablet=\u00a0\u00bb\u00a0\u00bb width_phone=\u00a0\u00bb100%\u00a0\u00bb width_last_edited=\u00a0\u00bbon|desktop\u00a0\u00bb module_alignment=\u00a0\u00bbcenter\u00a0\u00bb text_font_size_tablet=\u00a0\u00bb3vw\u00a0\u00bb text_font_size_phone=\u00a0\u00bb20px\u00a0\u00bb text_font_size_last_edited=\u00a0\u00bbon|phone\u00a0\u00bb text_line_height_tablet=\u00a0\u00bb\u00a0\u00bb text_line_height_phone=\u00a0\u00bb1em\u00a0\u00bb text_line_height_last_edited=\u00a0\u00bbon|phone\u00a0\u00bb global_colors_info=\u00a0\u00bb{}\u00a0\u00bb]<\/p>\n<p><a href=\"https:\/\/www.wesco-group.com\/pt\/\">Bem-vindo<\/a><\/p>\n<p><a href=\"https:\/\/www.wesco-group.com\/pt\/un-groupe\/\">Um grupo<\/a><\/p>\n<p><a href=\"https:\/\/www.wesco-group.com\/pt\/nos-convictions\/\">Nossas cren\u00e7as<\/a><\/p>\n<p><a href=\"https:\/\/www.wesco-group.com\/pt\/nos-engagements\/\">Nossos compromissos<\/a><\/p>\n<p><a href=\"https:\/\/www.wesco-group.com\/pt\/la-fondation-d-entreprise\/\">A funda\u00e7\u00e3o corporativa<\/a><\/p>\n<p><a href=\"https:\/\/www.wesco-group.com\/pt\/notre-philosophie-rh\/\">Nossa filosofia de RH<\/a><\/p>\n<p><a href=\"https:\/\/www.wesco-group.com\/pt\/rejoindre-la-wescoteam\/\">Junte-se \u00e0 equipe #Wesco<\/a><\/p>\n<p><a href=\"https:\/\/www.wesco-group.com\/pt\/decouvrir-nos-produits\/\">Descubra nossos produtos<\/a><\/p>\n<p><a href=\"https:\/\/www.wesco-group.com\/pt\/ou-nous-trouver-dans-le-monde\/\">Onde nos encontrar no mundo?<\/a><\/p>\n<p><a href=\"https:\/\/www.wesco-group.com\/pt\/plan-du-site\/\">Mapa do site<\/a><\/p>\n<p><a href=\"https:\/\/www.wesco-group.com\/pt\/mentions-legales\/\">Avisos legais<\/a><\/p>\n<p>[\/et_pb_text][\/et_pb_column][\/et_pb_row][\/et_pb_section]<\/p>","protected":false},"excerpt":{"rendered":"<p>Plan du sitePagesAccueil Un groupe Nos convictions Nos engagements La fondation d&rsquo;entreprise Notre philosophie RH Rejoindre la #WescoTeam D\u00e9couvrir nos produits O\u00f9 nous trouver dans le monde ? Plan du site Mentions l\u00e9gales<\/p>","protected":false},"author":1,"featured_media":0,"parent":0,"menu_order":0,"comment_status":"closed","ping_status":"closed","template":"","meta":{"_et_pb_use_builder":"on","_et_pb_old_content":"","_et_gb_content_width":"","inline_featured_image":false,"footnotes":""},"class_list":["post-242116","page","type-page","status-publish","hentry"],"yoast_head":"<!-- This site is optimized with the Yoast SEO plugin v25.9 - https:\/\/yoast.com\/wordpress\/plugins\/seo\/ -->\n<title>Plan du site - Wesco<\/title>\n<meta name=\"robots\" content=\"index, follow, max-snippet:-1, max-image-preview:large, max-video-preview:-1\" \/>\n<link rel=\"canonical\" href=\"https:\/\/www.wesco-group.com\/pt\/plan-du-site\/\" \/>\n<meta property=\"og:locale\" content=\"pt_PT\" \/>\n<meta property=\"og:type\" content=\"article\" \/>\n<meta property=\"og:title\" content=\"Plan du site - Wesco\" \/>\n<meta property=\"og:description\" content=\"Plan du sitePagesAccueil Un groupe Nos convictions Nos engagements La fondation d&#039;entreprise Notre philosophie RH Rejoindre la #WescoTeam D\u00e9couvrir nos produits O\u00f9 nous trouver dans le monde ? Plan du site Mentions l\u00e9gales\" \/>\n<meta property=\"og:url\" content=\"https:\/\/www.wesco-group.com\/pt\/plan-du-site\/\" \/>\n<meta property=\"og:site_name\" content=\"Wesco\" \/>\n<meta property=\"article:modified_time\" content=\"2022-02-15T15:30:18+00:00\" \/>\n<meta name=\"twitter:card\" content=\"summary_large_image\" \/>\n<meta name=\"twitter:label1\" content=\"Tempo estimado de leitura\" \/>\n\t<meta name=\"twitter:data1\" content=\"2 minutos\" \/>\n<script type=\"application\/ld+json\" class=\"yoast-schema-graph\">{\"@context\":\"https:\/\/schema.org\",\"@graph\":[{\"@type\":\"WebPage\",\"@id\":\"https:\/\/www.wesco-group.com\/plan-du-site\/\",\"url\":\"https:\/\/www.wesco-group.com\/plan-du-site\/\",\"name\":\"Plan du site - Wesco\",\"isPartOf\":{\"@id\":\"https:\/\/www.wesco-group.com\/#website\"},\"datePublished\":\"2021-10-03T08:23:55+00:00\",\"dateModified\":\"2022-02-15T15:30:18+00:00\",\"breadcrumb\":{\"@id\":\"https:\/\/www.wesco-group.com\/plan-du-site\/#breadcrumb\"},\"inLanguage\":\"pt-PT\",\"potentialAction\":[{\"@type\":\"ReadAction\",\"target\":[\"https:\/\/www.wesco-group.com\/plan-du-site\/\"]}]},{\"@type\":\"BreadcrumbList\",\"@id\":\"https:\/\/www.wesco-group.com\/plan-du-site\/#breadcrumb\",\"itemListElement\":[{\"@type\":\"ListItem\",\"position\":1,\"name\":\"Accueil\",\"item\":\"https:\/\/www.wesco-group.com\/\"},{\"@type\":\"ListItem\",\"position\":2,\"name\":\"Plan du site\"}]},{\"@type\":\"WebSite\",\"@id\":\"https:\/\/www.wesco-group.com\/#website\",\"url\":\"https:\/\/www.wesco-group.com\/\",\"name\":\"Wesco\",\"description\":\"Mobilier enfant, pu\u00e9riculture, jeux et mat\u00e9riel \u00e9ducatif\",\"potentialAction\":[{\"@type\":\"SearchAction\",\"target\":{\"@type\":\"EntryPoint\",\"urlTemplate\":\"https:\/\/www.wesco-group.com\/?s={search_term_string}\"},\"query-input\":{\"@type\":\"PropertyValueSpecification\",\"valueRequired\":true,\"valueName\":\"search_term_string\"}}],\"inLanguage\":\"pt-PT\"}]}<\/script>\n<!-- \/ Yoast SEO plugin. -->","yoast_head_json":{"title":"Mapa do Site - Wesco","robots":{"index":"index","follow":"follow","max-snippet":"max-snippet:-1","max-image-preview":"max-image-preview:large","max-video-preview":"max-video-preview:-1"},"canonical":"https:\/\/www.wesco-group.com\/pt\/plan-du-site\/","og_locale":"pt_PT","og_type":"article","og_title":"Plan du site - Wesco","og_description":"Plan du sitePagesAccueil Un groupe Nos convictions Nos engagements La fondation d'entreprise Notre philosophie RH Rejoindre la #WescoTeam D\u00e9couvrir nos produits O\u00f9 nous trouver dans le monde ? Plan du site Mentions l\u00e9gales","og_url":"https:\/\/www.wesco-group.com\/pt\/plan-du-site\/","og_site_name":"Wesco","article_modified_time":"2022-02-15T15:30:18+00:00","twitter_card":"summary_large_image","twitter_misc":{"Tempo estimado de leitura":"2 minutos"},"schema":{"@context":"https:\/\/schema.org","@graph":[{"@type":"WebPage","@id":"https:\/\/www.wesco-group.com\/plan-du-site\/","url":"https:\/\/www.wesco-group.com\/plan-du-site\/","name":"Mapa do Site - Wesco","isPartOf":{"@id":"https:\/\/www.wesco-group.com\/#website"},"datePublished":"2021-10-03T08:23:55+00:00","dateModified":"2022-02-15T15:30:18+00:00","breadcrumb":{"@id":"https:\/\/www.wesco-group.com\/plan-du-site\/#breadcrumb"},"inLanguage":"pt-PT","potentialAction":[{"@type":"ReadAction","target":["https:\/\/www.wesco-group.com\/plan-du-site\/"]}]},{"@type":"BreadcrumbList","@id":"https:\/\/www.wesco-group.com\/plan-du-site\/#breadcrumb","itemListElement":[{"@type":"ListItem","position":1,"name":"Accueil","item":"https:\/\/www.wesco-group.com\/"},{"@type":"ListItem","position":2,"name":"Plan du site"}]},{"@type":"WebSite","@id":"https:\/\/www.wesco-group.com\/#website","url":"https:\/\/www.wesco-group.com\/","name":"Wesco","description":"M\u00f3veis infantis, puericultura, jogos e materiais educativos","potentialAction":[{"@type":"SearchAction","target":{"@type":"EntryPoint","urlTemplate":"https:\/\/www.wesco-group.com\/?s={search_term_string}"},"query-input":{"@type":"PropertyValueSpecification","valueRequired":true,"valueName":"search_term_string"}}],"inLanguage":"pt-PT"}]}},"_links":{"self":[{"href":"https:\/\/www.wesco-group.com\/pt\/wp-json\/wp\/v2\/pages\/242116","targetHints":{"allow":["GET"]}}],"collection":[{"href":"https:\/\/www.wesco-group.com\/pt\/wp-json\/wp\/v2\/pages"}],"about":[{"href":"https:\/\/www.wesco-group.com\/pt\/wp-json\/wp\/v2\/types\/page"}],"author":[{"embeddable":true,"href":"https:\/\/www.wesco-group.com\/pt\/wp-json\/wp\/v2\/users\/1"}],"replies":[{"embeddable":true,"href":"https:\/\/www.wesco-group.com\/pt\/wp-json\/wp\/v2\/comments?post=242116"}],"version-history":[{"count":20,"href":"https:\/\/www.wesco-group.com\/pt\/wp-json\/wp\/v2\/pages\/242116\/revisions"}],"predecessor-version":[{"id":243645,"href":"https:\/\/www.wesco-group.com\/pt\/wp-json\/wp\/v2\/pages\/242116\/revisions\/243645"}],"wp:attachment":[{"href":"https:\/\/www.wesco-group.com\/pt\/wp-json\/wp\/v2\/media?parent=242116"}],"curies":[{"name":"wp","href":"https:\/\/api.w.org\/{rel}","templated":true}]}}