{"id":242116,"date":"2021-10-03T10:23:55","date_gmt":"2021-10-03T08:23:55","guid":{"rendered":"https:\/\/www.wesco-group.com\/?page_id=242116"},"modified":"2022-02-15T16:30:18","modified_gmt":"2022-02-15T15:30:18","slug":"plan-du-site","status":"publish","type":"page","link":"https:\/\/www.wesco-group.com\/it\/plan-du-site\/","title":{"rendered":"Mappa del sito"},"content":{"rendered":"<p>[et_pb_section fb_built= \u00bb1\u2033 admin_label= \u00bbTitolo dell&#039;intestazione \u00bb _builder_version= \u00bb4.14.7\u2033 _module_preset= \u00bbdefault \u00bb background_color= \u00bb#f9f9f9\u2033 custom_margin= \u00bb100px||||false|false \u00bb global_colors_info= \u00bb{} \u00bb][et_pb_row custom_padding_last_edited= \u00bbon|phone \u00bb _builder_version= \u00bb4.9.10\u2033 _module_preset= \u00bbdefault \u00bb custom_padding= \u00bb2vh||2vh||true|false \u00bb custom_padding_tablet= \u00bb \u00bb custom_padding_phone= \u00bb0vh||0vh||true|false \u00bb global_colors_info= \u00bb{} \u00bb][et_pb_column type= \u00bb4_4\u2033 _builder_version= \u00bb4.9.10\u2033 _module_preset= \u00bbdefault \u00bb global_colors_info= \u00bb{} \u00bb][et_pb_text _builder_version= \u00bb4.9.10\u2033 _module_preset= \u00bbdefault \u00bb header_font= \u00bbOswald|600||||||| \u00bb header_text_color= \u00bb#125671\u2033 header_font_size= \u00bb2.5vw \u00bb text_font_size_last_edited= \u00bboff|desktop \u00bb header_font_size_tablet= \u00bb4vw \u00bb header_font_size_phone= \u00bb30px \u00bb header_font_size_last_edited= \u00bbon|phone \u00bb global_colors_info= \u00bb{} \u00bb]<\/p>\n<h1>Mappa del sito<\/h1>\n<p>[\/et_pb_text][\/et_pb_column][\/et_pb_row][\/et_pb_section][et_pb_section fb_built= \u00bb1\u2033 custom_padding_last_edited= \u00bbon|phone \u00bb admin_label= \u00bbContenuti \u00bb _builder_version= \u00bb4.9.10\u2033 _module_preset= \u00bbdefault \u00bb custom_margin_tablet= \u00bb \u00bb custom_margin_phone= \u00bb0px||0px||true|false \u00bb custom_margin_last_edited= \u00bbon|phone \u00bb custom_padding_tablet= \u00bb \u00bb custom_padding_phone= \u00bb0px||0px||true|false \u00bb global_colors_info= \u00bb{} \u00bb][et_pb_row custom_padding_last_edited= \u00bbon|phone \u00bb _builder_version= \u00bb4.9.10\u2033 _module_preset= \u00bbdefault \u00bb custom_padding= \u00bb0px||0px||true|false \u00bb custom_padding_tablet= \u00bb0px||0px||true|false \u00bb custom_padding_phone= \u00bb40px||40px||true|false \u00bb global_colors_info= \u00bb{} \u00bb][et_pb_column type= \u00bb4_4\u2033 _builder_version= \u00bb4.9.10\u2033 _module_preset= \u00bbdefault \u00bb global_colors_info= \u00bb{} \u00bb][et_pb_text _builder_version= \u00bb4.9.10\u2033 _module_preset= \u00bbdefault \u00bb header_2_font= \u00bbOswald|||||||| \u00bb header_2_font_size= \u00bb2.2vw \u00bb header_2_font_size_tablet= \u00bb3.8vw \u00bb header_2_font_size_phone= \u00bb30px \u00bb header_2_font_size_last_edited= \u00bbon|phone \u00bb global_colors_info= \u00bb{} \u00bb]<\/p>\n<h2>Pagine<\/h2>\n<p>[\/et_pb_text][et_pb_text _builder_version= \u00bb4.9.10\u2033 _module_preset= \u00bbdefault \u00bb text_font= \u00bbOpen Sans|||||||| \u00bb text_text_color= \u00bb#595959\u2033 text_font_size= \u00bb1.5vw \u00bb text_line_height= \u00bb0.6em \u00bb width= \u00bb100% \u00bb width_tablet= \u00bb \u00bb width_phone= \u00bb100% \u00bb width_last_edited= \u00bbon|desktop \u00bb module_alignment= \u00bbcenter \u00bb text_font_size_tablet= \u00bb3vw \u00bb text_font_size_phone= \u00bb20px \u00bb text_font_size_last_edited= \u00bbon|phone \u00bb text_line_height_tablet= \u00bb \u00bb text_line_height_phone= \u00bb1em \u00bb text_line_height_last_edited= \u00bbon|phone \u00bb global_colors_info= \u00bb{} \u00bb]<\/p>\n<p><a href=\"https:\/\/www.wesco-group.com\/it\/\">Benvenuto<\/a><\/p>\n<p><a href=\"https:\/\/www.wesco-group.com\/it\/un-groupe\/\">Un gruppo<\/a><\/p>\n<p><a href=\"https:\/\/www.wesco-group.com\/it\/nos-convictions\/\">Le nostre convinzioni<\/a><\/p>\n<p><a href=\"https:\/\/www.wesco-group.com\/it\/nos-engagements\/\">I nostri impegni<\/a><\/p>\n<p><a href=\"https:\/\/www.wesco-group.com\/it\/la-fondation-d-entreprise\/\">La fondazione aziendale<\/a><\/p>\n<p><a href=\"https:\/\/www.wesco-group.com\/it\/notre-philosophie-rh\/\">La nostra filosofia delle risorse umane<\/a><\/p>\n<p><a href=\"https:\/\/www.wesco-group.com\/it\/rejoindre-la-wescoteam\/\">Unisciti al team #Wesco<\/a><\/p>\n<p><a href=\"https:\/\/www.wesco-group.com\/it\/decouvrir-nos-produits\/\">Scopri i nostri prodotti<\/a><\/p>\n<p><a href=\"https:\/\/www.wesco-group.com\/it\/ou-nous-trouver-dans-le-monde\/\">Dove trovarci nel mondo?<\/a><\/p>\n<p><a href=\"https:\/\/www.wesco-group.com\/it\/plan-du-site\/\">Mappa del sito<\/a><\/p>\n<p><a href=\"https:\/\/www.wesco-group.com\/it\/mentions-legales\/\">Note legali<\/a><\/p>\n<p>[\/et_pb_text][\/et_pb_column][\/et_pb_row][\/et_pb_section]<\/p>","protected":false},"excerpt":{"rendered":"<p>Mappa del sito | Homepage | Chi siamo | I nostri principi | I nostri impegni | Fondazione aziendale | La nostra filosofia | Risorse umane | Unisciti al #WescoTeam | Scopri i nostri prodotti | Dove trovarci nel mondo? | Mappa del sito | Note legali<\/p>","protected":false},"author":1,"featured_media":0,"parent":0,"menu_order":0,"comment_status":"closed","ping_status":"closed","template":"","meta":{"_et_pb_use_builder":"on","_et_pb_old_content":"","_et_gb_content_width":"","inline_featured_image":false,"footnotes":""},"class_list":["post-242116","page","type-page","status-publish","hentry"],"yoast_head":"<!-- This site is optimized with the Yoast SEO plugin v25.9 - https:\/\/yoast.com\/wordpress\/plugins\/seo\/ -->\n<title>Plan du site - Wesco<\/title>\n<meta name=\"robots\" content=\"index, follow, max-snippet:-1, max-image-preview:large, max-video-preview:-1\" \/>\n<link rel=\"canonical\" href=\"https:\/\/www.wesco-group.com\/it\/plan-du-site\/\" \/>\n<meta property=\"og:locale\" content=\"it_IT\" \/>\n<meta property=\"og:type\" content=\"article\" \/>\n<meta property=\"og:title\" content=\"Plan du site - Wesco\" \/>\n<meta property=\"og:description\" content=\"Plan du sitePagesAccueil Un groupe Nos convictions Nos engagements La fondation d&#039;entreprise Notre philosophie RH Rejoindre la #WescoTeam D\u00e9couvrir nos produits O\u00f9 nous trouver dans le monde ? Plan du site Mentions l\u00e9gales\" \/>\n<meta property=\"og:url\" content=\"https:\/\/www.wesco-group.com\/it\/plan-du-site\/\" \/>\n<meta property=\"og:site_name\" content=\"Wesco\" \/>\n<meta property=\"article:modified_time\" content=\"2022-02-15T15:30:18+00:00\" \/>\n<meta name=\"twitter:card\" content=\"summary_large_image\" \/>\n<meta name=\"twitter:label1\" content=\"Tempo di lettura stimato\" \/>\n\t<meta name=\"twitter:data1\" content=\"2 minuti\" \/>\n<script type=\"application\/ld+json\" class=\"yoast-schema-graph\">{\"@context\":\"https:\/\/schema.org\",\"@graph\":[{\"@type\":\"WebPage\",\"@id\":\"https:\/\/www.wesco-group.com\/plan-du-site\/\",\"url\":\"https:\/\/www.wesco-group.com\/plan-du-site\/\",\"name\":\"Plan du site - Wesco\",\"isPartOf\":{\"@id\":\"https:\/\/www.wesco-group.com\/#website\"},\"datePublished\":\"2021-10-03T08:23:55+00:00\",\"dateModified\":\"2022-02-15T15:30:18+00:00\",\"breadcrumb\":{\"@id\":\"https:\/\/www.wesco-group.com\/plan-du-site\/#breadcrumb\"},\"inLanguage\":\"it-IT\",\"potentialAction\":[{\"@type\":\"ReadAction\",\"target\":[\"https:\/\/www.wesco-group.com\/plan-du-site\/\"]}]},{\"@type\":\"BreadcrumbList\",\"@id\":\"https:\/\/www.wesco-group.com\/plan-du-site\/#breadcrumb\",\"itemListElement\":[{\"@type\":\"ListItem\",\"position\":1,\"name\":\"Accueil\",\"item\":\"https:\/\/www.wesco-group.com\/\"},{\"@type\":\"ListItem\",\"position\":2,\"name\":\"Plan du site\"}]},{\"@type\":\"WebSite\",\"@id\":\"https:\/\/www.wesco-group.com\/#website\",\"url\":\"https:\/\/www.wesco-group.com\/\",\"name\":\"Wesco\",\"description\":\"Mobilier enfant, pu\u00e9riculture, jeux et mat\u00e9riel \u00e9ducatif\",\"potentialAction\":[{\"@type\":\"SearchAction\",\"target\":{\"@type\":\"EntryPoint\",\"urlTemplate\":\"https:\/\/www.wesco-group.com\/?s={search_term_string}\"},\"query-input\":{\"@type\":\"PropertyValueSpecification\",\"valueRequired\":true,\"valueName\":\"search_term_string\"}}],\"inLanguage\":\"it-IT\"}]}<\/script>\n<!-- \/ Yoast SEO plugin. -->","yoast_head_json":{"title":"Mappa del sito - Wesco","robots":{"index":"index","follow":"follow","max-snippet":"max-snippet:-1","max-image-preview":"max-image-preview:large","max-video-preview":"max-video-preview:-1"},"canonical":"https:\/\/www.wesco-group.com\/it\/plan-du-site\/","og_locale":"it_IT","og_type":"article","og_title":"Plan du site - Wesco","og_description":"Plan du sitePagesAccueil Un groupe Nos convictions Nos engagements La fondation d'entreprise Notre philosophie RH Rejoindre la #WescoTeam D\u00e9couvrir nos produits O\u00f9 nous trouver dans le monde ? Plan du site Mentions l\u00e9gales","og_url":"https:\/\/www.wesco-group.com\/it\/plan-du-site\/","og_site_name":"Wesco","article_modified_time":"2022-02-15T15:30:18+00:00","twitter_card":"summary_large_image","twitter_misc":{"Tempo di lettura stimato":"2 minuti"},"schema":{"@context":"https:\/\/schema.org","@graph":[{"@type":"WebPage","@id":"https:\/\/www.wesco-group.com\/plan-du-site\/","url":"https:\/\/www.wesco-group.com\/plan-du-site\/","name":"Mappa del sito - Wesco","isPartOf":{"@id":"https:\/\/www.wesco-group.com\/#website"},"datePublished":"2021-10-03T08:23:55+00:00","dateModified":"2022-02-15T15:30:18+00:00","breadcrumb":{"@id":"https:\/\/www.wesco-group.com\/plan-du-site\/#breadcrumb"},"inLanguage":"it-IT","potentialAction":[{"@type":"ReadAction","target":["https:\/\/www.wesco-group.com\/plan-du-site\/"]}]},{"@type":"BreadcrumbList","@id":"https:\/\/www.wesco-group.com\/plan-du-site\/#breadcrumb","itemListElement":[{"@type":"ListItem","position":1,"name":"Accueil","item":"https:\/\/www.wesco-group.com\/"},{"@type":"ListItem","position":2,"name":"Plan du site"}]},{"@type":"WebSite","@id":"https:\/\/www.wesco-group.com\/#website","url":"https:\/\/www.wesco-group.com\/","name":"Wesco","description":"Mobili per bambini, articoli per l&#039;infanzia, giochi e materiali didattici","potentialAction":[{"@type":"SearchAction","target":{"@type":"EntryPoint","urlTemplate":"https:\/\/www.wesco-group.com\/?s={search_term_string}"},"query-input":{"@type":"PropertyValueSpecification","valueRequired":true,"valueName":"search_term_string"}}],"inLanguage":"it-IT"}]}},"_links":{"self":[{"href":"https:\/\/www.wesco-group.com\/it\/wp-json\/wp\/v2\/pages\/242116","targetHints":{"allow":["GET"]}}],"collection":[{"href":"https:\/\/www.wesco-group.com\/it\/wp-json\/wp\/v2\/pages"}],"about":[{"href":"https:\/\/www.wesco-group.com\/it\/wp-json\/wp\/v2\/types\/page"}],"author":[{"embeddable":true,"href":"https:\/\/www.wesco-group.com\/it\/wp-json\/wp\/v2\/users\/1"}],"replies":[{"embeddable":true,"href":"https:\/\/www.wesco-group.com\/it\/wp-json\/wp\/v2\/comments?post=242116"}],"version-history":[{"count":20,"href":"https:\/\/www.wesco-group.com\/it\/wp-json\/wp\/v2\/pages\/242116\/revisions"}],"predecessor-version":[{"id":243645,"href":"https:\/\/www.wesco-group.com\/it\/wp-json\/wp\/v2\/pages\/242116\/revisions\/243645"}],"wp:attachment":[{"href":"https:\/\/www.wesco-group.com\/it\/wp-json\/wp\/v2\/media?parent=242116"}],"curies":[{"name":"parola chiave","href":"https:\/\/api.w.org\/{rel}","templated":true}]}}