{"id":241551,"date":"2021-09-12T10:43:40","date_gmt":"2021-09-12T08:43:40","guid":{"rendered":"https:\/\/dev.wesco-group.com\/?page_id=241551"},"modified":"2024-11-04T13:46:05","modified_gmt":"2024-11-04T12:46:05","slug":"mentions-legales","status":"publish","type":"page","link":"https:\/\/www.wesco-group.com\/es\/mentions-legales\/","title":{"rendered":"Aviso legal"},"content":{"rendered":"<p>[et_pb_section fb_built=\u00a0\u00bb1&Prime; admin_label=\u00a0\u00bbEn-t\u00eate titre\u00a0\u00bb _builder_version=\u00a0\u00bb4.15&Prime; _module_preset=\u00a0\u00bbdefault\u00a0\u00bb background_color=\u00a0\u00bb#f9f9f9&Prime; custom_margin=\u00a0\u00bb100px||||false|false\u00a0\u00bb global_colors_info=\u00a0\u00bb{}\u00a0\u00bb][et_pb_row custom_padding_last_edited=\u00a0\u00bbon|phone\u00a0\u00bb _builder_version=\u00a0\u00bb4.15&Prime; _module_preset=\u00a0\u00bbdefault\u00a0\u00bb custom_padding=\u00a0\u00bb2vh||2vh||true|false\u00a0\u00bb custom_padding_tablet=\u00a0\u00bb\u00a0\u00bb custom_padding_phone=\u00a0\u00bb0vh||0vh||true|false\u00a0\u00bb global_colors_info=\u00a0\u00bb{}\u00a0\u00bb][et_pb_column type=\u00a0\u00bb4_4&Prime; _builder_version=\u00a0\u00bb4.15&Prime; _module_preset=\u00a0\u00bbdefault\u00a0\u00bb global_colors_info=\u00a0\u00bb{}\u00a0\u00bb][et_pb_text _builder_version=\u00a0\u00bb4.15&Prime; _module_preset=\u00a0\u00bbdefault\u00a0\u00bb header_font=\u00a0\u00bbOswald|600|||||||\u00a0\u00bb header_text_color=\u00a0\u00bb#125671&Prime; header_font_size=\u00a0\u00bb2.5vw\u00a0\u00bb text_font_size_last_edited=\u00a0\u00bboff|desktop\u00a0\u00bb header_font_size_tablet=\u00a0\u00bb4vw\u00a0\u00bb header_font_size_phone=\u00a0\u00bb30px\u00a0\u00bb header_font_size_last_edited=\u00a0\u00bbon|phone\u00a0\u00bb global_colors_info=\u00a0\u00bb{}\u00a0\u00bb]<\/p>\n<h1>Aviso legal<\/h1>\n<p>[\/et_pb_text][\/et_pb_column][\/et_pb_row][\/et_pb_section][et_pb_section fb_built=\u00a0\u00bb1&Prime; custom_padding_last_edited=\u00a0\u00bbon|phone\u00a0\u00bb admin_label=\u00a0\u00bbContenus\u00a0\u00bb _builder_version=\u00a0\u00bb4.15&Prime; _module_preset=\u00a0\u00bbdefault\u00a0\u00bb custom_margin_tablet=\u00a0\u00bb\u00a0\u00bb custom_margin_phone=\u00a0\u00bb0px||0px||true|false\u00a0\u00bb custom_margin_last_edited=\u00a0\u00bbon|phone\u00a0\u00bb custom_padding_tablet=\u00a0\u00bb\u00a0\u00bb custom_padding_phone=\u00a0\u00bb0px||0px||true|false\u00a0\u00bb global_colors_info=\u00a0\u00bb{}\u00a0\u00bb][et_pb_row _builder_version=\u00a0\u00bb4.15&Prime; _module_preset=\u00a0\u00bbdefault\u00a0\u00bb global_colors_info=\u00a0\u00bb{}\u00a0\u00bb][et_pb_column type=\u00a0\u00bb4_4&Prime; _builder_version=\u00a0\u00bb4.15&Prime; _module_preset=\u00a0\u00bbdefault\u00a0\u00bb global_colors_info=\u00a0\u00bb{}\u00a0\u00bb][et_pb_text _builder_version=\u00a0\u00bb4.15&Prime; _module_preset=\u00a0\u00bbdefault\u00a0\u00bb text_font=\u00a0\u00bbOpen Sans|300|||||||\u00a0\u00bb text_font_size=\u00a0\u00bb1.3em\u00a0\u00bb header_2_font=\u00a0\u00bbOswald||||||||\u00a0\u00bb header_2_font_size=\u00a0\u00bb1.5vw\u00a0\u00bb text_font_size_tablet=\u00a0\u00bb1.2em\u00a0\u00bb text_font_size_phone=\u00a0\u00bb16px\u00a0\u00bb text_font_size_last_edited=\u00a0\u00bbon|desktop\u00a0\u00bb header_2_font_size_tablet=\u00a0\u00bb3vw\u00a0\u00bb header_2_font_size_phone=\u00a0\u00bb24px\u00a0\u00bb header_2_font_size_last_edited=\u00a0\u00bbon|phone\u00a0\u00bb global_colors_info=\u00a0\u00bb{}\u00a0\u00bb]<\/p>\n<h2>1. \u00c9diteur<\/h2>\n<p><strong>WESCO<\/strong> &#8211; Route de Cholet\u00a0 &#8211; 79140 Cerizay &#8211; FRANCE &#8211; webmaster@wesco.fr &#8211; N\u00b0 Vert : 0 800 311 297<\/p>\n<p>SAS au capital de 1 000 000 \u20ac R.C.S NIORT 304 764 863 &#8211; APE 4649Z &#8211; T.V.A. : FR 52 304 764 863<\/p>\n<p>Directeur de la publication : EQUIPE WESCO<\/p>\n<p>L&rsquo;\u00e9diteur s&rsquo;engage \u00e0 respecter l&rsquo;ensemble des lois concernant la mise en place et l&rsquo;activit\u00e9 d&rsquo;un site Internet. L\u2019acc\u00e8s \u00e0 l\u2019url <a href=\"https:\/\/www.wesco-group.com\/es\/\">www.wesco-group.com<\/a> est gratuit. Les frais d\u2019acc\u00e8s et d\u2019utilisation du r\u00e9seau de t\u00e9l\u00e9communication sont \u00e0 la charge de tout utilisateur du site, selon les modalit\u00e9s fix\u00e9es par ses fournisseurs d\u2019acc\u00e8s et op\u00e9rateurs de t\u00e9l\u00e9communication.<\/p>\n<p>Il est rappel\u00e9 que le fait d\u2019acc\u00e9der ou de se maintenir frauduleusement dans un syst\u00e8me informatique, d\u2019entraver ou de fausser le fonctionnement d\u2019un tel syst\u00e8me, d\u2019introduire ou de modifier frauduleusement des donn\u00e9es dans un syst\u00e8me informatique constituent des d\u00e9lits passibles de sanctions p\u00e9nales.<\/p>\n<p>[\/et_pb_text][et_pb_text _builder_version=\u00a0\u00bb4.15&Prime; _module_preset=\u00a0\u00bbdefault\u00a0\u00bb text_font=\u00a0\u00bbOpen Sans|300|||||||\u00a0\u00bb text_font_size=\u00a0\u00bb1.3em\u00a0\u00bb header_2_font=\u00a0\u00bbOswald||||||||\u00a0\u00bb header_2_font_size=\u00a0\u00bb1.5vw\u00a0\u00bb text_font_size_tablet=\u00a0\u00bb1.2em\u00a0\u00bb text_font_size_phone=\u00a0\u00bb16px\u00a0\u00bb text_font_size_last_edited=\u00a0\u00bbon|desktop\u00a0\u00bb header_2_font_size_tablet=\u00a0\u00bb3vw\u00a0\u00bb header_2_font_size_phone=\u00a0\u00bb24px\u00a0\u00bb header_2_font_size_last_edited=\u00a0\u00bbon|phone\u00a0\u00bb global_colors_info=\u00a0\u00bb{}\u00a0\u00bb]<\/p>\n<h2>2. H\u00e9bergement<\/h2>\n<p>Le site <a href=\"https:\/\/www.wesco-group.com\/es\/\">www.wesco-group.com<\/a> est h\u00e9berg\u00e9 par la soci\u00e9t\u00e9 OVHcloud<\/p>\n<p>SAS au capital de 10 000 000 \u20ac<\/p>\n<p>RCS Roubaix &#8211; Tourcoing 424 761 419 00045<\/p>\n<p>Code APE 6202A<\/p>\n<p>N\u00b0 TVA : FR 22 424 761 419<\/p>\n<p>Si\u00e8ge social : 2 rue Kellermann &#8211; 59100 Roubaix &#8211; France www.ovh.com<\/p>\n<p>[\/et_pb_text][et_pb_text _builder_version=\u00a0\u00bb4.15&Prime; _module_preset=\u00a0\u00bbdefault\u00a0\u00bb text_font=\u00a0\u00bbOpen Sans|300|||||||\u00a0\u00bb text_font_size=\u00a0\u00bb1.3em\u00a0\u00bb header_2_font=\u00a0\u00bbOswald||||||||\u00a0\u00bb header_2_font_size=\u00a0\u00bb1.5vw\u00a0\u00bb text_font_size_tablet=\u00a0\u00bb1.2em\u00a0\u00bb text_font_size_phone=\u00a0\u00bb16px\u00a0\u00bb text_font_size_last_edited=\u00a0\u00bbon|desktop\u00a0\u00bb header_2_font_size_tablet=\u00a0\u00bb3vw\u00a0\u00bb header_2_font_size_phone=\u00a0\u00bb24px\u00a0\u00bb header_2_font_size_last_edited=\u00a0\u00bbon|phone\u00a0\u00bb global_colors_info=\u00a0\u00bb{}\u00a0\u00bb]<\/p>\n<h2>3. Cr\u00e9dits<\/h2>\n<p>\u00c9QUIPE WESCO[\/et_pb_text][et_pb_text _builder_version=\u00a0\u00bb4.15&Prime; _module_preset=\u00a0\u00bbdefault\u00a0\u00bb text_font=\u00a0\u00bbOpen Sans|300|||||||\u00a0\u00bb text_font_size=\u00a0\u00bb1.3em\u00a0\u00bb header_2_font=\u00a0\u00bbOswald||||||||\u00a0\u00bb header_2_font_size=\u00a0\u00bb1.5vw\u00a0\u00bb text_font_size_tablet=\u00a0\u00bb1.2em\u00a0\u00bb text_font_size_phone=\u00a0\u00bb16px\u00a0\u00bb text_font_size_last_edited=\u00a0\u00bbon|desktop\u00a0\u00bb header_2_font_size_tablet=\u00a0\u00bb3vw\u00a0\u00bb header_2_font_size_phone=\u00a0\u00bb24px\u00a0\u00bb header_2_font_size_last_edited=\u00a0\u00bbon|phone\u00a0\u00bb global_colors_info=\u00a0\u00bb{}\u00a0\u00bb]<\/p>\n<h2>4. Acc\u00e8s au site<\/h2>\n<p>L\u2019utilisateur du site internet <a href=\"https:\/\/www.wesco-group.com\/es\/\">www.wesco-group.com<\/a> reconna\u00eet disposer de la comp\u00e9tence et des moyens n\u00e9cessaires pour acc\u00e9der et utiliser ce site internet.<\/p>\n<p>Les utilisateurs de ce site sont tenus de respecter les dispositions de la loi relative \u00e0 l\u2019informatique, aux fichiers et aux libert\u00e9s, dont la violation est passible de sanctions p\u00e9nales.<\/p>\n<p>Ils doivent notamment s\u2019abstenir, s\u2019agissant d\u2019informations nominatives auxquelles ils acc\u00e8dent, de toute collecte, de toute utilisation d\u00e9tourn\u00e9e et d\u2019une mani\u00e8re g\u00e9n\u00e9rale, de tout acte susceptible de porter atteinte \u00e0 la vie priv\u00e9e ou \u00e0 la r\u00e9putation des personnes.<\/p>\n<p>[\/et_pb_text][et_pb_text _builder_version=\u00a0\u00bb4.15&Prime; _module_preset=\u00a0\u00bbdefault\u00a0\u00bb text_font=\u00a0\u00bbOpen Sans|300|||||||\u00a0\u00bb text_font_size=\u00a0\u00bb1.3em\u00a0\u00bb header_2_font=\u00a0\u00bbOswald||||||||\u00a0\u00bb header_2_font_size=\u00a0\u00bb1.5vw\u00a0\u00bb text_font_size_tablet=\u00a0\u00bb1.2em\u00a0\u00bb text_font_size_phone=\u00a0\u00bb16px\u00a0\u00bb text_font_size_last_edited=\u00a0\u00bbon|desktop\u00a0\u00bb header_2_font_size_tablet=\u00a0\u00bb3vw\u00a0\u00bb header_2_font_size_phone=\u00a0\u00bb24px\u00a0\u00bb header_2_font_size_last_edited=\u00a0\u00bbon|phone\u00a0\u00bb global_colors_info=\u00a0\u00bb{}\u00a0\u00bb]<\/p>\n<h2>5. Syst\u00e8me de gestion de contenu<\/h2>\n<p>Ce site est cr\u00e9\u00e9 sous WordPress et est mis \u00e0 jour \u00e0 chaque nouvelle version.<\/p>\n<p>WordPress est un syst\u00e8me de gestion de contenu (CMS) gratuit et libre.[\/et_pb_text][et_pb_text _builder_version=\u00a0\u00bb4.15&Prime; _module_preset=\u00a0\u00bbdefault\u00a0\u00bb text_font=\u00a0\u00bbOpen Sans|300|||||||\u00a0\u00bb text_font_size=\u00a0\u00bb1.3em\u00a0\u00bb header_2_font=\u00a0\u00bbOswald||||||||\u00a0\u00bb header_2_font_size=\u00a0\u00bb1.5vw\u00a0\u00bb text_font_size_tablet=\u00a0\u00bb1.2em\u00a0\u00bb text_font_size_phone=\u00a0\u00bb16px\u00a0\u00bb text_font_size_last_edited=\u00a0\u00bbon|desktop\u00a0\u00bb header_2_font_size_tablet=\u00a0\u00bb3vw\u00a0\u00bb header_2_font_size_phone=\u00a0\u00bb24px\u00a0\u00bb header_2_font_size_last_edited=\u00a0\u00bbon|phone\u00a0\u00bb global_colors_info=\u00a0\u00bb{}\u00a0\u00bb]<\/p>\n<h2>6. Contenu du site<\/h2>\n<p>Wesco met \u00e0 disposition des utilisateurs du site web <a href=\"https:\/\/www.wesco-group.com\/es\/\">www.wesco-group.com<\/a> des informations et outils disponibles et v\u00e9rifi\u00e9s, mais ne saurait \u00eatre tenue pour responsable des erreurs ou de l\u2019indisponibilit\u00e9 de certaines informations.<\/p>\n<p>Nous remercions les utilisateurs du site de nous faire part d\u2019\u00e9ventuelles omissions, erreurs ou corrections, en adressant un mail au webmestre du site \u00e0 l\u2019adresse : <a href=\"mailto:webmaster@wesco.fr\">webmaster@wesco.fr<\/a><\/p>\n<p>[\/et_pb_text][et_pb_text _builder_version=\u00a0\u00bb4.15&Prime; _module_preset=\u00a0\u00bbdefault\u00a0\u00bb text_font=\u00a0\u00bbOpen Sans|300|||||||\u00a0\u00bb text_font_size=\u00a0\u00bb1.3em\u00a0\u00bb header_2_font=\u00a0\u00bbOswald||||||||\u00a0\u00bb header_2_font_size=\u00a0\u00bb1.5vw\u00a0\u00bb text_font_size_tablet=\u00a0\u00bb1.2em\u00a0\u00bb text_font_size_phone=\u00a0\u00bb16px\u00a0\u00bb text_font_size_last_edited=\u00a0\u00bbon|desktop\u00a0\u00bb header_2_font_size_tablet=\u00a0\u00bb3vw\u00a0\u00bb header_2_font_size_phone=\u00a0\u00bb24px\u00a0\u00bb header_2_font_size_last_edited=\u00a0\u00bbon|phone\u00a0\u00bb global_colors_info=\u00a0\u00bb{}\u00a0\u00bb]<\/p>\n<h2>7. Propri\u00e9t\u00e9s et liens<\/h2>\n<p>La structure g\u00e9n\u00e9rale, ainsi que les logiciels, textes, images anim\u00e9es ou fixes, sons, savoir-faire, dessins, graphismes et tous autres \u00e9l\u00e9ments composant le site web <a href=\"https:\/\/www.wesco-group.com\/es\/\">www.wesco-group.com<\/a> sont de l\u2019utilisation exclusive de Wesco. Toute repr\u00e9sentation totale ou partielle de ce site, par quelques proc\u00e9d\u00e9s que ce soient, sans autorisation expresse de Wesco, est interdite et constituerait une contrefa\u00e7on sanctionn\u00e9e par les articles L335-2 et suivants du Code de la propri\u00e9t\u00e9 intellectuelle.<\/p>\n<p>Les liens hypertextes mis en place dans le cadre du pr\u00e9sent site web en direction d&rsquo;autres ressources pr\u00e9sentes sur le r\u00e9seau internet, ne<\/p>\n<p>sauraient engager la responsabilit\u00e9 de Wesco.<\/p>\n<p>Wesco autorise la mise en place d\u2019un lien hypertexte pointant vers son contenu, sous r\u00e9serve de :<\/p>\n<p>\u2022 ne pas utiliser la technique du lien profond (\u00ab\u00a0deep linking\u00a0\u00bb), c&rsquo;est-\u00e0-dire que les pages du site <a href=\"https:\/\/www.wesco-group.com\/es\/\">www.wesco-group.com<\/a> ne doivent pas \u00eatre imbriqu\u00e9es \u00e0 l&rsquo;int\u00e9rieur des pages d&rsquo;un autre site, mais accessible par l\u2019ouverture d\u2019une fen\u00eatre.<\/p>\n<p>\u2022 mentionner la source qui pointera gr\u00e2ce \u00e0 un lien hypertexte directement sur le contenu vis\u00e9.<\/p>\n<p>\u2022 n&rsquo;utiliser les informations qu&rsquo;\u00e0 des fins personnelles, associatives ou professionnelles ; toute utilisation \u00e0 des fins commerciales ou publicitaires est exclue.<\/p>\n<p>Attention ! Cette autorisation ne s\u2019applique pas aux sites internet diffusant des informations \u00e0 caract\u00e8re pol\u00e9mique, pornographique, p\u00e9dophile, x\u00e9nophobe ou pouvant, dans une plus large mesure porter atteinte \u00e0 la sensibilit\u00e9 du plus grand nombre.<\/p>\n<p>Pour d&rsquo;autres utilisations, veuillez nous adresser une demande \u00e0 : <a href=\"mailto:webmaster@wesco.fr\">webmaster@wesco.fr<\/a><\/p>\n<p>Les marques de WESCO figurant sur le site sont des marques d\u00e9pos\u00e9es. Toute reproduction totale ou partielle de ces marques sans autorisation expresse de WESCO est donc prohib\u00e9e. Vous pouvez nous contacter pour formuler ce type de demande \u00e0 l&rsquo;adresse <a href=\"mailto:webmaster@wesco.fr\">webmaster@wesco.fr<\/a>.<\/p>\n<p>[\/et_pb_text][et_pb_text _builder_version=\u00a0\u00bb4.15&Prime; _module_preset=\u00a0\u00bbdefault\u00a0\u00bb text_font=\u00a0\u00bbOpen Sans|300|||||||\u00a0\u00bb text_font_size=\u00a0\u00bb1.3em\u00a0\u00bb header_2_font=\u00a0\u00bbOswald||||||||\u00a0\u00bb header_2_font_size=\u00a0\u00bb1.5vw\u00a0\u00bb text_font_size_tablet=\u00a0\u00bb1.2em\u00a0\u00bb text_font_size_phone=\u00a0\u00bb16px\u00a0\u00bb text_font_size_last_edited=\u00a0\u00bbon|desktop\u00a0\u00bb header_2_font_size_tablet=\u00a0\u00bb3vw\u00a0\u00bb header_2_font_size_phone=\u00a0\u00bb24px\u00a0\u00bb header_2_font_size_last_edited=\u00a0\u00bbon|phone\u00a0\u00bb global_colors_info=\u00a0\u00bb{}\u00a0\u00bb]<\/p>\n<h2>8. Informations techniques<\/h2>\n<p><span>Il est rappel\u00e9 que le secret des correspondances n&rsquo;est pas garanti sur le r\u00e9seau Internet et qu&rsquo;il appartient \u00e0 chaque utilisateur d&rsquo;Internet de prendre toutes les mesures appropri\u00e9es de fa\u00e7on \u00e0 prot\u00e9ger ses propres donn\u00e9es et\/ou logiciels de la contamination d&rsquo;\u00e9ventuels virus circulant sur Internet.<\/span><\/p>\n<p>[\/et_pb_text][et_pb_text _builder_version=\u00a0\u00bb4.15&Prime; _module_preset=\u00a0\u00bbdefault\u00a0\u00bb text_font=\u00a0\u00bbOpen Sans|300|||||||\u00a0\u00bb text_font_size=\u00a0\u00bb1.3em\u00a0\u00bb header_2_font=\u00a0\u00bbOswald||||||||\u00a0\u00bb header_2_font_size=\u00a0\u00bb1.5vw\u00a0\u00bb text_font_size_tablet=\u00a0\u00bb1.2em\u00a0\u00bb text_font_size_phone=\u00a0\u00bb16px\u00a0\u00bb text_font_size_last_edited=\u00a0\u00bbon|desktop\u00a0\u00bb header_2_font_size_tablet=\u00a0\u00bb3vw\u00a0\u00bb header_2_font_size_phone=\u00a0\u00bb24px\u00a0\u00bb header_2_font_size_last_edited=\u00a0\u00bbon|phone\u00a0\u00bb global_colors_info=\u00a0\u00bb{}\u00a0\u00bb]<\/p>\n<h2>9. Donn\u00e9es personnelles<\/h2>\n<p>Aucune information personnelle n&rsquo;est collect\u00e9e sur le site <a href=\"https:\/\/www.wesco-group.com\/es\/\">www.wesco-group.com<\/a> \u00e0 votre insu, ni c\u00e9d\u00e9e \u00e0 des tiers.<\/p>\n<p>Les adresses IP sont destin\u00e9es \u00e0 un usage purement technique et aux statistiques de consultation. Les courriers et documents re\u00e7us ou envoy\u00e9s par le biais de la messagerie \u00e9lectronique sont conserv\u00e9s pendant une dur\u00e9e d\u2019un an et sont ensuite sauvegard\u00e9s.<\/p>\n<p>Les donn\u00e9es personnelles sont conserv\u00e9es pour la dur\u00e9e n\u00e9cessaire \u00e0 la r\u00e9alisation des campagnes d\u2019information de la soci\u00e9t\u00e9 Wesco (newsletters par exemple\u2026).<\/p>\n<p>Conform\u00e9ment \u00e0 la loi Informatique et Libert\u00e9s du 06\/01\/1978, vous disposez d\u2019un droit d\u2019acc\u00e8s, de rectification et d\u2019opposition aux informations vous concernant qui peut s\u2019exercer : \u2022 par email \u00e0 : <a href=\"mailto:webmaster@wesco.fr\">webmaster@wesco.fr<\/a><\/p>\n<p>\u2022 par courrier \u00e0 : WESCO &#8211; Route de Cholet &#8211; 79140 Cerizay &#8211; FRANCE<\/p>\n<p>Pour faciliter le traitement de votre demande, nous vous conseillons de nous indiquer votre nom, pr\u00e9nom, adresse email ou postale.<\/p>\n<p>Conform\u00e9ment \u00e0 la r\u00e9glementation en vigueur, votre demande doit \u00eatre sign\u00e9e et accompagn\u00e9e de la photocopie d\u2019un titre d\u2019identit\u00e9 portant votre signature et pr\u00e9ciser l\u2019adresse \u00e0 laquelle doit vous parvenir la r\u00e9ponse. Une r\u00e9ponse vous sera alors adress\u00e9e dans un d\u00e9lai d\u2019un mois maximum suivant la r\u00e9ception de la demande.<\/p>\n<p>En cas de rectification, nous vous adresserons, sur simple demande, une copie des informations telles que rectifi\u00e9es.<\/p>\n<p>[\/et_pb_text][et_pb_text _builder_version=\u00a0\u00bb4.15&Prime; _module_preset=\u00a0\u00bbdefault\u00a0\u00bb text_font=\u00a0\u00bbOpen Sans|300|||||||\u00a0\u00bb text_font_size=\u00a0\u00bb1.3em\u00a0\u00bb header_2_font=\u00a0\u00bbOswald||||||||\u00a0\u00bb header_2_font_size=\u00a0\u00bb1.5vw\u00a0\u00bb text_font_size_tablet=\u00a0\u00bb1.2em\u00a0\u00bb text_font_size_phone=\u00a0\u00bb16px\u00a0\u00bb text_font_size_last_edited=\u00a0\u00bbon|desktop\u00a0\u00bb header_2_font_size_tablet=\u00a0\u00bb3vw\u00a0\u00bb header_2_font_size_phone=\u00a0\u00bb24px\u00a0\u00bb header_2_font_size_last_edited=\u00a0\u00bbon|phone\u00a0\u00bb global_colors_info=\u00a0\u00bb{}\u00a0\u00bb]<\/p>\n<h2>10. Cookies<\/h2>\n<p>Lors de la consultation de notre site, des cookies sont d\u00e9pos\u00e9s sur votre ordinateur, votre mobile ou votre tablette.<\/p>\n<p>Les \u201ccookies\u201d sont des petits fichiers qui permettent de m\u00e9moriser des donn\u00e9es relatives \u00e0 votre navigation sur notre site web et de veiller \u00e0 son bon fonctionnement. Les cookies ne peuvent \u00eatre lus que par le serveur qui l\u2019a cr\u00e9\u00e9.<\/p>\n<p><strong>Comment refuser les cookies ?<\/strong><\/p>\n<p>Les cookies sont g\u00e9r\u00e9s par le navigateur internet de votre ordinateur.<\/p>\n<p>Vous pouvez restreindre, bloquer ou effacer les cookies de notre site en modifiant les param\u00e8tres de votre navigateur internet. Cependant, nous vous conseillons vivement de les laisser actifs afin de ne pas subir de d\u00e9gradation des conditions d\u2019acc\u00e8s de notre service web.<\/p>\n<p>Pour plus d\u2019informations sur les cookies sur le site de la CNIL (Commission Nationale de l\u2019Informatique et des Libert\u00e9s) : <a href=\"https:\/\/www.cnil.fr\/fr\/cookies-les-outils-pour-les-maitriser\" target=\"_blank\" rel=\"noopener\">https:\/\/www.cnil.fr\/fr\/cookies-les-outils-pour-les-maitriser<\/a><\/p>\n<p>[\/et_pb_text][et_pb_text _builder_version=\u00a0\u00bb4.15&Prime; _module_preset=\u00a0\u00bbdefault\u00a0\u00bb text_font=\u00a0\u00bbOpen Sans|300|||||||\u00a0\u00bb text_font_size=\u00a0\u00bb1.3em\u00a0\u00bb header_2_font=\u00a0\u00bbOswald||||||||\u00a0\u00bb header_2_font_size=\u00a0\u00bb1.5vw\u00a0\u00bb text_font_size_tablet=\u00a0\u00bb1.2em\u00a0\u00bb text_font_size_phone=\u00a0\u00bb16px\u00a0\u00bb text_font_size_last_edited=\u00a0\u00bbon|desktop\u00a0\u00bb header_2_font_size_tablet=\u00a0\u00bb3vw\u00a0\u00bb header_2_font_size_phone=\u00a0\u00bb24px\u00a0\u00bb header_2_font_size_last_edited=\u00a0\u00bbon|phone\u00a0\u00bb global_colors_info=\u00a0\u00bb{}\u00a0\u00bb]<\/p>\n<h2>11. Loi applicable<\/h2>\n<p><span>L\u2019usage de ce site web est r\u00e9gi par la loi fran\u00e7aise, \u00e0 l&rsquo;exception de toute autre l\u00e9gislation.<\/span><\/p>\n<p>[\/et_pb_text][\/et_pb_column][\/et_pb_row][\/et_pb_section]<\/p>","protected":false},"excerpt":{"rendered":"<p>Mentions l\u00e9gales1. \u00c9diteur WESCO &#8211; Route de Cholet\u00a0 &#8211; 79140 Cerizay &#8211; FRANCE &#8211; webmaster@wesco.fr &#8211; N\u00b0 Vert : 0 800 311 297 SAS au capital de 1 000 000 \u20ac R.C.S NIORT 304 764 863 &#8211; APE 4649Z &#8211; T.V.A. : FR 52 304 764 863 Directeur de la publication : EQUIPE WESCO L&rsquo;\u00e9diteur [&hellip;]<\/p>","protected":false},"author":1,"featured_media":0,"parent":0,"menu_order":0,"comment_status":"closed","ping_status":"closed","template":"","meta":{"_et_pb_use_builder":"on","_et_pb_old_content":"","_et_gb_content_width":"","inline_featured_image":false,"footnotes":""},"class_list":["post-241551","page","type-page","status-publish","hentry"],"yoast_head":"<!-- This site is optimized with the Yoast SEO plugin v25.9 - https:\/\/yoast.com\/wordpress\/plugins\/seo\/ -->\n<title>Mentions l\u00e9gales - Wesco<\/title>\n<meta name=\"robots\" content=\"index, follow, max-snippet:-1, max-image-preview:large, max-video-preview:-1\" \/>\n<link rel=\"canonical\" href=\"https:\/\/www.wesco-group.com\/es\/mentions-legales\/\" \/>\n<meta property=\"og:locale\" content=\"es_ES\" \/>\n<meta property=\"og:type\" content=\"article\" \/>\n<meta property=\"og:title\" content=\"Mentions l\u00e9gales - Wesco\" \/>\n<meta property=\"og:description\" content=\"Mentions l\u00e9gales1. \u00c9diteur WESCO - Route de Cholet\u00a0 - 79140 Cerizay - FRANCE - webmaster@wesco.fr - N\u00b0 Vert : 0 800 311 297 SAS au capital de 1 000 000 \u20ac R.C.S NIORT 304 764 863 - APE 4649Z - T.V.A. : FR 52 304 764 863 Directeur de la publication : EQUIPE WESCO L&#039;\u00e9diteur [&hellip;]\" \/>\n<meta property=\"og:url\" content=\"https:\/\/www.wesco-group.com\/es\/mentions-legales\/\" \/>\n<meta property=\"og:site_name\" content=\"Wesco\" \/>\n<meta property=\"article:modified_time\" content=\"2024-11-04T12:46:05+00:00\" \/>\n<meta name=\"twitter:card\" content=\"summary_large_image\" \/>\n<meta name=\"twitter:label1\" content=\"Tiempo de lectura\" \/>\n\t<meta name=\"twitter:data1\" content=\"11 minutos\" \/>\n<script type=\"application\/ld+json\" class=\"yoast-schema-graph\">{\"@context\":\"https:\/\/schema.org\",\"@graph\":[{\"@type\":\"WebPage\",\"@id\":\"https:\/\/www.wesco-group.com\/mentions-legales\/\",\"url\":\"https:\/\/www.wesco-group.com\/mentions-legales\/\",\"name\":\"Mentions l\u00e9gales - Wesco\",\"isPartOf\":{\"@id\":\"https:\/\/www.wesco-group.com\/#website\"},\"datePublished\":\"2021-09-12T08:43:40+00:00\",\"dateModified\":\"2024-11-04T12:46:05+00:00\",\"breadcrumb\":{\"@id\":\"https:\/\/www.wesco-group.com\/mentions-legales\/#breadcrumb\"},\"inLanguage\":\"es\",\"potentialAction\":[{\"@type\":\"ReadAction\",\"target\":[\"https:\/\/www.wesco-group.com\/mentions-legales\/\"]}]},{\"@type\":\"BreadcrumbList\",\"@id\":\"https:\/\/www.wesco-group.com\/mentions-legales\/#breadcrumb\",\"itemListElement\":[{\"@type\":\"ListItem\",\"position\":1,\"name\":\"Accueil\",\"item\":\"https:\/\/www.wesco-group.com\/\"},{\"@type\":\"ListItem\",\"position\":2,\"name\":\"Mentions l\u00e9gales\"}]},{\"@type\":\"WebSite\",\"@id\":\"https:\/\/www.wesco-group.com\/#website\",\"url\":\"https:\/\/www.wesco-group.com\/\",\"name\":\"Wesco\",\"description\":\"Mobilier enfant, pu\u00e9riculture, jeux et mat\u00e9riel \u00e9ducatif\",\"potentialAction\":[{\"@type\":\"SearchAction\",\"target\":{\"@type\":\"EntryPoint\",\"urlTemplate\":\"https:\/\/www.wesco-group.com\/?s={search_term_string}\"},\"query-input\":{\"@type\":\"PropertyValueSpecification\",\"valueRequired\":true,\"valueName\":\"search_term_string\"}}],\"inLanguage\":\"es\"}]}<\/script>\n<!-- \/ Yoast SEO plugin. -->","yoast_head_json":{"title":"Mentions l\u00e9gales - Wesco","robots":{"index":"index","follow":"follow","max-snippet":"max-snippet:-1","max-image-preview":"max-image-preview:large","max-video-preview":"max-video-preview:-1"},"canonical":"https:\/\/www.wesco-group.com\/es\/mentions-legales\/","og_locale":"es_ES","og_type":"article","og_title":"Mentions l\u00e9gales - Wesco","og_description":"Mentions l\u00e9gales1. \u00c9diteur WESCO - Route de Cholet\u00a0 - 79140 Cerizay - FRANCE - webmaster@wesco.fr - N\u00b0 Vert : 0 800 311 297 SAS au capital de 1 000 000 \u20ac R.C.S NIORT 304 764 863 - APE 4649Z - T.V.A. : FR 52 304 764 863 Directeur de la publication : EQUIPE WESCO L'\u00e9diteur [&hellip;]","og_url":"https:\/\/www.wesco-group.com\/es\/mentions-legales\/","og_site_name":"Wesco","article_modified_time":"2024-11-04T12:46:05+00:00","twitter_card":"summary_large_image","twitter_misc":{"Tiempo de lectura":"11 minutos"},"schema":{"@context":"https:\/\/schema.org","@graph":[{"@type":"WebPage","@id":"https:\/\/www.wesco-group.com\/mentions-legales\/","url":"https:\/\/www.wesco-group.com\/mentions-legales\/","name":"Mentions l\u00e9gales - Wesco","isPartOf":{"@id":"https:\/\/www.wesco-group.com\/#website"},"datePublished":"2021-09-12T08:43:40+00:00","dateModified":"2024-11-04T12:46:05+00:00","breadcrumb":{"@id":"https:\/\/www.wesco-group.com\/mentions-legales\/#breadcrumb"},"inLanguage":"es","potentialAction":[{"@type":"ReadAction","target":["https:\/\/www.wesco-group.com\/mentions-legales\/"]}]},{"@type":"BreadcrumbList","@id":"https:\/\/www.wesco-group.com\/mentions-legales\/#breadcrumb","itemListElement":[{"@type":"ListItem","position":1,"name":"Accueil","item":"https:\/\/www.wesco-group.com\/"},{"@type":"ListItem","position":2,"name":"Mentions l\u00e9gales"}]},{"@type":"WebSite","@id":"https:\/\/www.wesco-group.com\/#website","url":"https:\/\/www.wesco-group.com\/","name":"Wesco","description":"Muebles infantiles, productos para el cuidado infantil, juegos y materiales educativos.","potentialAction":[{"@type":"SearchAction","target":{"@type":"EntryPoint","urlTemplate":"https:\/\/www.wesco-group.com\/?s={search_term_string}"},"query-input":{"@type":"PropertyValueSpecification","valueRequired":true,"valueName":"search_term_string"}}],"inLanguage":"es"}]}},"_links":{"self":[{"href":"https:\/\/www.wesco-group.com\/es\/wp-json\/wp\/v2\/pages\/241551","targetHints":{"allow":["GET"]}}],"collection":[{"href":"https:\/\/www.wesco-group.com\/es\/wp-json\/wp\/v2\/pages"}],"about":[{"href":"https:\/\/www.wesco-group.com\/es\/wp-json\/wp\/v2\/types\/page"}],"author":[{"embeddable":true,"href":"https:\/\/www.wesco-group.com\/es\/wp-json\/wp\/v2\/users\/1"}],"replies":[{"embeddable":true,"href":"https:\/\/www.wesco-group.com\/es\/wp-json\/wp\/v2\/comments?post=241551"}],"version-history":[{"count":15,"href":"https:\/\/www.wesco-group.com\/es\/wp-json\/wp\/v2\/pages\/241551\/revisions"}],"predecessor-version":[{"id":244060,"href":"https:\/\/www.wesco-group.com\/es\/wp-json\/wp\/v2\/pages\/241551\/revisions\/244060"}],"wp:attachment":[{"href":"https:\/\/www.wesco-group.com\/es\/wp-json\/wp\/v2\/media?parent=241551"}],"curies":[{"name":"wp","href":"https:\/\/api.w.org\/{rel}","templated":true}]}}