{"id":241551,"date":"2021-09-12T10:43:40","date_gmt":"2021-09-12T08:43:40","guid":{"rendered":"https:\/\/dev.wesco-group.com\/?page_id=241551"},"modified":"2024-11-04T13:46:05","modified_gmt":"2024-11-04T12:46:05","slug":"mentions-legales","status":"publish","type":"page","link":"https:\/\/www.wesco-group.com\/en\/mentions-legales\/","title":{"rendered":"Legal information"},"content":{"rendered":"<p>[et_pb_section fb_built=\"1\u2033 admin_label=\"Header title\" _builder_version=\"4.15\u2033 _module_preset=\"default \" background_color=\"#f9f9f9\u2033 custom_margin=\"100px||||false|false \" global_colors_info=\"{}\"][et_pb_row custom_padding_last_edited=\"on|phone \" _builder_version=\"4.15\u2033 _module_preset=\"default \" custom_padding=\"2vh||2vh||true|false \" custom_padding_tablet= \" \" custom_padding_phone=\"0vh||0vh||true|false \" global_colors_info=\"{} \"][et_pb_column type=\"4_4\u2033 _builder_version=\"4.15\u2033 _module_preset=\"default \" global_colors_info=\"{} \"][et_pb_text _builder_version=\"4.15\u2033 _module_preset=\"default \" header_font=\"Oswald|600||||||| \" header_text_color=\"#125671\u2033 header_font_size=\"2.5vw\" text_font_size_last_edited=\"off|desktop\" header_font_size_tablet=\"4vw\" header_font_size_phone=\"30px\" header_font_size_last_edited=\"on|phone\" global_colors_info=\"{}\"]<\/p>\n<h1>Legal information<\/h1>\n<p>[\/et_pb_text][\/et_pb_column][\/et_pb_row][\/et_pb_section][et_pb_section fb_built=\"1\u2033 custom_padding_last_edited=\"on|phone\" admin_label=\"Contents\" _builder_version=\"4.15\u2033 _module_preset=\"default \" custom_margin_tablet= \" \" custom_margin_phone=\"0px||0px||true|false \" custom_margin_last_edited=\"on|phone \" custom_padding_tablet= \" \" custom_padding_phone=\"0px|0px||true|false \" global_colors_info=\"{} \"][et_pb_row _builder_version=\"4.15\u2033 _module_preset=\"default \" global_colors_info=\"{} \"][et_pb_column type=\"4_4\u2033 _builder_version=\"4.15\u2033 _module_preset=\"default \" global_colors_info=\"{} \"][et_pb_text _builder_version=\"4.15\u2033 _module_preset=\"default \" text_font=\"Open Sans|300||||||| \" text_font_size=\"1.3em \" header_2_font=\"Oswald|||||||| \" header_2_font_size=\"1.5vw \" text_font_size_tablet=\"1.2em \" text_font_size_phone=\"16px \" text_font_size_last_edited=\"on|desktop \" header_2_font_size_tablet=\"3vw \" header_2_font_size_phone=\"24px \" header_2_font_size_last_edited=\"on|phone \" global_colors_info=\"{}\"]<\/p>\n<h2>1. Publisher<\/h2>\n<p><strong>CORPORATE FOUNDATION<\/strong> \u2013 Route de Cholet \u2013 79140 Cerizay \u2013 FRANCE \u2013 webmaster@wesco.fr \u2013 Freephone: 0 800 311 297<\/p>\n<p>SAS with a capital of 1 000 000 \u20ac R.C.S NIORT 304 764 863 - APE 4649Z - V.A.T. : FR 52 304 764 863<\/p>\n<p>Director of the publication: WESCO TEAM<\/p>\n<p>The publisher undertakes to comply with all laws concerning the establishment and operation of a website. Access to the url <a href=\"https:\/\/www.wesco-group.com\/en\/\">www.wesco-group.com<\/a> is free of charge. The costs of access and use of the telecommunications network shall be borne by any user of the site, in accordance with the terms and conditions laid down by their access providers and telecommunications operators.<\/p>\n<p>It is recalled that fraudulently accessing or remaining in a computer system, hindering or distorting the operation of such a system, or fraudulently introducing or modifying data in a computer system constitute offences subject to criminal penalties.<\/p>\n<p>[\/et_pb_text][et_pb_text _builder_version=\"4.15\u2033 _module_preset=\"default \" text_font=\"Open Sans|300||||||| \" text_font_size=\"1.3em \" header_2_font=\"Oswald|||||||| \" header_2_font_size=\"1.5vw \" text_font_size_tablet=\"1.2em \" text_font_size_phone=\"16px \" text_font_size_last_edited=\"on|desktop \" header_2_font_size_tablet=\"3vw \" header_2_font_size_phone=\"24px \" header_2_font_size_last_edited=\"on|phone \" global_colors_info=\"{}\"]<\/p>\n<h2>2. Hosting<\/h2>\n<p>The site <a href=\"https:\/\/www.wesco-group.com\/en\/\">www.wesco-group.com<\/a> is hosted by the company OVHcloud<\/p>\n<p>SAS with a capital of \u20ac10,000,000<\/p>\n<p>RCS Roubaix - Tourcoing 424 761 419 00045<\/p>\n<p>APE code 6202A<\/p>\n<p>VAT NUMBER: FR 22 424 761 419<\/p>\n<p>Head office: 2 rue Kellermann - 59100 Roubaix - France www.ovh.com<\/p>\n<p>[\/et_pb_text][et_pb_text _builder_version=\"4.15\u2033 _module_preset=\"default \" text_font=\"Open Sans|300||||||| \" text_font_size=\"1.3em \" header_2_font=\"Oswald|||||||| \" header_2_font_size=\"1.5vw \" text_font_size_tablet=\"1.2em \" text_font_size_phone=\"16px \" text_font_size_last_edited=\"on|desktop \" header_2_font_size_tablet=\"3vw \" header_2_font_size_phone=\"24px \" header_2_font_size_last_edited=\"on|phone \" global_colors_info=\"{}\"]<\/p>\n<h2>3. Credits<\/h2>\n<p>WESCO TEAM[\/et_pb_text][et_pb_text _builder_version=\"4.15\u2033 _module_preset=\"default \" text_font=\"Open Sans|300||||||| \" text_font_size=\"1.3em \" header_2_font=\"Oswald|||||||| \" header_2_font_size=\"1.5vw \" text_font_size_tablet=\"1.2em \" text_font_size_phone=\"16px \" text_font_size_last_edited=\"on|desktop \" header_2_font_size_tablet=\"3vw \" header_2_font_size_phone=\"24px \" header_2_font_size_last_edited=\"on|phone \" global_colors_info=\"{}\"]<\/p>\n<h2>4. Access to the site<\/h2>\n<p>The user of the website <a href=\"https:\/\/www.wesco-group.com\/en\/\">www.wesco-group.com<\/a> acknowledges that it has the necessary skills and means to access and use this website.<\/p>\n<p>Users of this site are required to respect the provisions of the law relating to information technology, files and freedoms, the violation of which is punishable by criminal penalties.<\/p>\n<p>In particular, they must refrain, with regard to nominative information to which they have access, from any collection, any misuse and, in general, any act likely to infringe the privacy or reputation of individuals.<\/p>\n<p>[\/et_pb_text][et_pb_text _builder_version=\"4.15\u2033 _module_preset=\"default \" text_font=\"Open Sans|300||||||| \" text_font_size=\"1.3em \" header_2_font=\"Oswald|||||||| \" header_2_font_size=\"1.5vw \" text_font_size_tablet=\"1.2em \" text_font_size_phone=\"16px \" text_font_size_last_edited=\"on|desktop \" header_2_font_size_tablet=\"3vw \" header_2_font_size_phone=\"24px \" header_2_font_size_last_edited=\"on|phone \" global_colors_info=\"{}\"]<\/p>\n<h2>5. Content Management System<\/h2>\n<p>This site is created under WordPress and is updated with each new version.<\/p>\n<p>WordPress is a free and open source content management system (CMS)[\/et_pb_text][et_pb_text _builder_version=\"4.15\u2033 _module_preset=\"default \" text_font=\"Open Sans|300||||||| \" text_font_size=\"1.3em \" header_2_font=\"Oswald|||||||| \" header_2_font_size=\"1.5vw \" text_font_size_tablet=\"1.2em \" text_font_size_phone=\"16px \" text_font_size_last_edited=\"on|desktop \" header_2_font_size_tablet=\"3vw \" header_2_font_size_phone=\"24px \" header_2_font_size_last_edited=\"on|phone \" global_colors_info=\"{}\"]<\/p>\n<h2>6. Content of the site<\/h2>\n<p>Wesco provides users of the website with <a href=\"https:\/\/www.wesco-group.com\/en\/\">www.wesco-group.com<\/a> information and tools available and verified, but cannot be held responsible for errors or the unavailability of certain information.<\/p>\n<p>We would be grateful if users of the site could inform us of any omissions, errors or corrections by sending an e-mail to the site's webmaster at <a href=\"mailto:webmaster@wesco.fr\">webmaster@wesco.fr<\/a><\/p>\n<p>[\/et_pb_text][et_pb_text _builder_version=\"4.15\u2033 _module_preset=\"default \" text_font=\"Open Sans|300||||||| \" text_font_size=\"1.3em \" header_2_font=\"Oswald|||||||| \" header_2_font_size=\"1.5vw \" text_font_size_tablet=\"1.2em \" text_font_size_phone=\"16px \" text_font_size_last_edited=\"on|desktop \" header_2_font_size_tablet=\"3vw \" header_2_font_size_phone=\"24px \" header_2_font_size_last_edited=\"on|phone \" global_colors_info=\"{}\"]<\/p>\n<h2>7. Properties and links<\/h2>\n<p>The general structure, as well as the software, texts, animated or fixed images, sounds, know-how, drawings, graphics and all other elements composing the website <a href=\"https:\/\/www.wesco-group.com\/en\/\">www.wesco-group.com<\/a> are for the exclusive use of Wesco. Any total or partial representation of this site, by any means whatsoever, without the express authorisation of Wesco, is prohibited and constitutes an infringement punishable by articles L335-2 et seq. of the Intellectual Property Code.<\/p>\n<p>The hypertext links set up within the framework of this website to other resources on the Internet do not constitute a substitute for the information provided by the user.<\/p>\n<p>Wesco cannot be held responsible for the content of these documents.<\/p>\n<p>Wesco authorises the setting up of a hypertext link to its content, subject to :<\/p>\n<p>- not to use the deep linking technique, i.e. the pages of the site <a href=\"https:\/\/www.wesco-group.com\/en\/\">www.wesco-group.com<\/a> should not be nested within the pages of another site, but accessible by opening a window.<\/p>\n<p>- mention the source, which will point directly to the content in question via a hypertext link.<\/p>\n<p>- use the information only for personal, associative or professional purposes; any use for commercial or advertising purposes is excluded.<\/p>\n<p>Please note! This authorisation does not apply to websites that disseminate information of a polemical, pornographic, paedophilic or xenophobic nature or that may, to a greater extent, offend the sensibilities of the general public.<\/p>\n<p>For other uses, please send a request to <a href=\"mailto:webmaster@wesco.fr\">webmaster@wesco.fr<\/a><\/p>\n<p>WESCO's trademarks appearing on the site are registered trademarks. Any total or partial reproduction of these trademarks without the express authorisation of WESCO is therefore prohibited. You can contact us to make this type of request at the following address <a href=\"mailto:webmaster@wesco.fr\">webmaster@wesco.fr<\/a>.<\/p>\n<p>[\/et_pb_text][et_pb_text _builder_version=\"4.15\u2033 _module_preset=\"default \" text_font=\"Open Sans|300||||||| \" text_font_size=\"1.3em \" header_2_font=\"Oswald|||||||| \" header_2_font_size=\"1.5vw \" text_font_size_tablet=\"1.2em \" text_font_size_phone=\"16px \" text_font_size_last_edited=\"on|desktop \" header_2_font_size_tablet=\"3vw \" header_2_font_size_phone=\"24px \" header_2_font_size_last_edited=\"on|phone \" global_colors_info=\"{}\"]<\/p>\n<h2>8. Technical information<\/h2>\n<p><span>It is reminded that the secrecy of correspondence is not guaranteed on the Internet and that it is up to each Internet user to take all appropriate measures to protect his or her own data and\/or software from contamination by any viruses circulating on the Internet.<\/span><\/p>\n<p>[\/et_pb_text][et_pb_text _builder_version=\"4.15\u2033 _module_preset=\"default \" text_font=\"Open Sans|300||||||| \" text_font_size=\"1.3em \" header_2_font=\"Oswald|||||||| \" header_2_font_size=\"1.5vw \" text_font_size_tablet=\"1.2em \" text_font_size_phone=\"16px \" text_font_size_last_edited=\"on|desktop \" header_2_font_size_tablet=\"3vw \" header_2_font_size_phone=\"24px \" header_2_font_size_last_edited=\"on|phone \" global_colors_info=\"{}\"]<\/p>\n<h2>9. Personal data<\/h2>\n<p>No personal information is collected on the site <a href=\"https:\/\/www.wesco-group.com\/en\/\">www.wesco-group.com<\/a> without your knowledge, nor transferred to third parties.<\/p>\n<p>IP addresses are intended for purely technical use and for consultation statistics. The mail and documents received or sent via e-mail are kept for a period of one year and are then saved.<\/p>\n<p>Personal data is kept for the time necessary to carry out Wesco's information campaigns (newsletters, for example).<\/p>\n<p>In accordance with the French Data Protection Act of 06\/01\/1978, you have the right to access, rectify and oppose any information concerning you, which can be exercised - by email to : <a href=\"mailto:webmaster@wesco.fr\">webmaster@wesco.fr<\/a><\/p>\n<p>\u2022 by mail to: WESCO \u2013 Route de Cholet \u2013 79140 Cerizay \u2013 FRANCE<\/p>\n<p>To facilitate the processing of your request, we advise you to provide us with your name, first name, email or postal address.<\/p>\n<p>In accordance with the regulations in force, your request must be signed and accompanied by a photocopy of an identity document bearing your signature and specify the address to which the reply should be sent. A reply will then be sent to you within a maximum of one month following receipt of the request.<\/p>\n<p>In the event of rectification, we will send you, on request, a copy of the information as rectified.<\/p>\n<p>[\/et_pb_text][et_pb_text _builder_version=\"4.15\u2033 _module_preset=\"default \" text_font=\"Open Sans|300||||||| \" text_font_size=\"1.3em \" header_2_font=\"Oswald|||||||| \" header_2_font_size=\"1.5vw \" text_font_size_tablet=\"1.2em \" text_font_size_phone=\"16px \" text_font_size_last_edited=\"on|desktop \" header_2_font_size_tablet=\"3vw \" header_2_font_size_phone=\"24px \" header_2_font_size_last_edited=\"on|phone \" global_colors_info=\"{}\"]<\/p>\n<h2>10. Cookies<\/h2>\n<p>When you visit our website, cookies are placed on your computer, mobile phone or tablet.<\/p>\n<p>Cookies\" are small files that enable us to store data relating to your browsing on our website and to ensure that it functions properly. Cookies can only be read by the server that created them.<\/p>\n<p><strong>How do I refuse cookies?<\/strong><\/p>\n<p>Cookies are managed by your computer's internet browser.<\/p>\n<p>You can restrict, block or delete cookies from our site by changing the settings in your web browser. However, we strongly advise you to leave them active so as not to suffer any deterioration in the conditions of access to our web service.<\/p>\n<p>For more information on cookies on the CNIL (Commission Nationale de l'Informatique et des Libert\u00e9s) website: <a href=\"https:\/\/www.cnil.fr\/fr\/cookies-les-outils-pour-les-maitriser\" target=\"_blank\" rel=\"noopener\">https:\/\/www.cnil.fr\/fr\/cookies-les-outils-pour-les-maitriser<\/a><\/p>\n<p>[\/et_pb_text][et_pb_text _builder_version=\"4.15\u2033 _module_preset=\"default \" text_font=\"Open Sans|300||||||| \" text_font_size=\"1.3em \" header_2_font=\"Oswald|||||||| \" header_2_font_size=\"1.5vw \" text_font_size_tablet=\"1.2em \" text_font_size_phone=\"16px \" text_font_size_last_edited=\"on|desktop \" header_2_font_size_tablet=\"3vw \" header_2_font_size_phone=\"24px \" header_2_font_size_last_edited=\"on|phone \" global_colors_info=\"{}\"]<\/p>\n<h2>11. Applicable law<\/h2>\n<p><span>The use of this website is governed by French law, to the exclusion of any other legislation.<\/span><\/p>\n<p>[\/et_pb_text][\/et_pb_column][\/et_pb_row][\/et_pb_section]<\/p>","protected":false},"excerpt":{"rendered":"<p>Legal notices1. Publisher WESCO \u2013 Route de Cholet \u2013 79140 Cerizay \u2013 FRANCE \u2013 webmaster@wesco.fr \u2013 Freephone: 0 800 311 297 SAS with capital of \u20ac1,000,000 RCS NIORT 304 764 863 \u2013 APE 4649Z \u2013 VAT: FR 52 304 764 863 Publication director: EQUIPE WESCO The publisher [\u2026]<\/p>","protected":false},"author":1,"featured_media":0,"parent":0,"menu_order":0,"comment_status":"closed","ping_status":"closed","template":"","meta":{"_et_pb_use_builder":"on","_et_pb_old_content":"","_et_gb_content_width":"","inline_featured_image":false,"footnotes":""},"class_list":["post-241551","page","type-page","status-publish","hentry"],"yoast_head":"<!-- This site is optimized with the Yoast SEO plugin v25.9 - https:\/\/yoast.com\/wordpress\/plugins\/seo\/ -->\n<title>Mentions l\u00e9gales - Wesco<\/title>\n<meta name=\"robots\" content=\"index, follow, max-snippet:-1, max-image-preview:large, max-video-preview:-1\" \/>\n<link rel=\"canonical\" href=\"https:\/\/www.wesco-group.com\/en\/mentions-legales\/\" \/>\n<meta property=\"og:locale\" content=\"en_GB\" \/>\n<meta property=\"og:type\" content=\"article\" \/>\n<meta property=\"og:title\" content=\"Mentions l\u00e9gales - Wesco\" \/>\n<meta property=\"og:description\" content=\"Mentions l\u00e9gales1. \u00c9diteur WESCO - Route de Cholet\u00a0 - 79140 Cerizay - FRANCE - webmaster@wesco.fr - N\u00b0 Vert : 0 800 311 297 SAS au capital de 1 000 000 \u20ac R.C.S NIORT 304 764 863 - APE 4649Z - T.V.A. : FR 52 304 764 863 Directeur de la publication : EQUIPE WESCO L&#039;\u00e9diteur [&hellip;]\" \/>\n<meta property=\"og:url\" content=\"https:\/\/www.wesco-group.com\/en\/mentions-legales\/\" \/>\n<meta property=\"og:site_name\" content=\"Wesco\" \/>\n<meta property=\"article:modified_time\" content=\"2024-11-04T12:46:05+00:00\" \/>\n<meta name=\"twitter:card\" content=\"summary_large_image\" \/>\n<meta name=\"twitter:label1\" content=\"Estimated reading time\" \/>\n\t<meta name=\"twitter:data1\" content=\"11 minutes\" \/>\n<script type=\"application\/ld+json\" class=\"yoast-schema-graph\">{\"@context\":\"https:\/\/schema.org\",\"@graph\":[{\"@type\":\"WebPage\",\"@id\":\"https:\/\/www.wesco-group.com\/mentions-legales\/\",\"url\":\"https:\/\/www.wesco-group.com\/mentions-legales\/\",\"name\":\"Mentions l\u00e9gales - Wesco\",\"isPartOf\":{\"@id\":\"https:\/\/www.wesco-group.com\/#website\"},\"datePublished\":\"2021-09-12T08:43:40+00:00\",\"dateModified\":\"2024-11-04T12:46:05+00:00\",\"breadcrumb\":{\"@id\":\"https:\/\/www.wesco-group.com\/mentions-legales\/#breadcrumb\"},\"inLanguage\":\"en-GB\",\"potentialAction\":[{\"@type\":\"ReadAction\",\"target\":[\"https:\/\/www.wesco-group.com\/mentions-legales\/\"]}]},{\"@type\":\"BreadcrumbList\",\"@id\":\"https:\/\/www.wesco-group.com\/mentions-legales\/#breadcrumb\",\"itemListElement\":[{\"@type\":\"ListItem\",\"position\":1,\"name\":\"Accueil\",\"item\":\"https:\/\/www.wesco-group.com\/\"},{\"@type\":\"ListItem\",\"position\":2,\"name\":\"Mentions l\u00e9gales\"}]},{\"@type\":\"WebSite\",\"@id\":\"https:\/\/www.wesco-group.com\/#website\",\"url\":\"https:\/\/www.wesco-group.com\/\",\"name\":\"Wesco\",\"description\":\"Mobilier enfant, pu\u00e9riculture, jeux et mat\u00e9riel \u00e9ducatif\",\"potentialAction\":[{\"@type\":\"SearchAction\",\"target\":{\"@type\":\"EntryPoint\",\"urlTemplate\":\"https:\/\/www.wesco-group.com\/?s={search_term_string}\"},\"query-input\":{\"@type\":\"PropertyValueSpecification\",\"valueRequired\":true,\"valueName\":\"search_term_string\"}}],\"inLanguage\":\"en-GB\"}]}<\/script>\n<!-- \/ Yoast SEO plugin. -->","yoast_head_json":{"title":"Legal information - Wesco","robots":{"index":"index","follow":"follow","max-snippet":"max-snippet:-1","max-image-preview":"max-image-preview:large","max-video-preview":"max-video-preview:-1"},"canonical":"https:\/\/www.wesco-group.com\/en\/mentions-legales\/","og_locale":"en_GB","og_type":"article","og_title":"Mentions l\u00e9gales - Wesco","og_description":"Mentions l\u00e9gales1. \u00c9diteur WESCO - Route de Cholet\u00a0 - 79140 Cerizay - FRANCE - webmaster@wesco.fr - N\u00b0 Vert : 0 800 311 297 SAS au capital de 1 000 000 \u20ac R.C.S NIORT 304 764 863 - APE 4649Z - T.V.A. : FR 52 304 764 863 Directeur de la publication : EQUIPE WESCO L'\u00e9diteur [&hellip;]","og_url":"https:\/\/www.wesco-group.com\/en\/mentions-legales\/","og_site_name":"Wesco","article_modified_time":"2024-11-04T12:46:05+00:00","twitter_card":"summary_large_image","twitter_misc":{"Estimated reading time":"11 minutes"},"schema":{"@context":"https:\/\/schema.org","@graph":[{"@type":"WebPage","@id":"https:\/\/www.wesco-group.com\/mentions-legales\/","url":"https:\/\/www.wesco-group.com\/mentions-legales\/","name":"Legal information - Wesco","isPartOf":{"@id":"https:\/\/www.wesco-group.com\/#website"},"datePublished":"2021-09-12T08:43:40+00:00","dateModified":"2024-11-04T12:46:05+00:00","breadcrumb":{"@id":"https:\/\/www.wesco-group.com\/mentions-legales\/#breadcrumb"},"inLanguage":"en-GB","potentialAction":[{"@type":"ReadAction","target":["https:\/\/www.wesco-group.com\/mentions-legales\/"]}]},{"@type":"BreadcrumbList","@id":"https:\/\/www.wesco-group.com\/mentions-legales\/#breadcrumb","itemListElement":[{"@type":"ListItem","position":1,"name":"Accueil","item":"https:\/\/www.wesco-group.com\/"},{"@type":"ListItem","position":2,"name":"Mentions l\u00e9gales"}]},{"@type":"WebSite","@id":"https:\/\/www.wesco-group.com\/#website","url":"https:\/\/www.wesco-group.com\/","name":"Wesco","description":"Children's furniture, childcare, games and educational material","potentialAction":[{"@type":"SearchAction","target":{"@type":"EntryPoint","urlTemplate":"https:\/\/www.wesco-group.com\/?s={search_term_string}"},"query-input":{"@type":"PropertyValueSpecification","valueRequired":true,"valueName":"search_term_string"}}],"inLanguage":"en-GB"}]}},"_links":{"self":[{"href":"https:\/\/www.wesco-group.com\/en\/wp-json\/wp\/v2\/pages\/241551","targetHints":{"allow":["GET"]}}],"collection":[{"href":"https:\/\/www.wesco-group.com\/en\/wp-json\/wp\/v2\/pages"}],"about":[{"href":"https:\/\/www.wesco-group.com\/en\/wp-json\/wp\/v2\/types\/page"}],"author":[{"embeddable":true,"href":"https:\/\/www.wesco-group.com\/en\/wp-json\/wp\/v2\/users\/1"}],"replies":[{"embeddable":true,"href":"https:\/\/www.wesco-group.com\/en\/wp-json\/wp\/v2\/comments?post=241551"}],"version-history":[{"count":15,"href":"https:\/\/www.wesco-group.com\/en\/wp-json\/wp\/v2\/pages\/241551\/revisions"}],"predecessor-version":[{"id":244060,"href":"https:\/\/www.wesco-group.com\/en\/wp-json\/wp\/v2\/pages\/241551\/revisions\/244060"}],"wp:attachment":[{"href":"https:\/\/www.wesco-group.com\/en\/wp-json\/wp\/v2\/media?parent=241551"}],"curies":[{"name":"wp","href":"https:\/\/api.w.org\/{rel}","templated":true}]}}