{"id":241551,"date":"2021-09-12T10:43:40","date_gmt":"2021-09-12T08:43:40","guid":{"rendered":"https:\/\/dev.wesco-group.com\/?page_id=241551"},"modified":"2024-11-04T13:46:05","modified_gmt":"2024-11-04T12:46:05","slug":"mentions-legales","status":"publish","type":"page","link":"https:\/\/www.wesco-group.com\/de\/mentions-legales\/","title":{"rendered":"Rechtliche Hinweise"},"content":{"rendered":"<p>[et_pb_section fb_built= \"1\u2033 admin_label= \"\u00dcberschrift Titel \" _builder_version= \"4.15\u2033 _module_preset= \"default\" background_color= \"#f9f9\u2033 custom_margin= \"100px||||false|false \" global_colors_info= \"{} \"][et_pb_row custom_padding_last_edited= \"on|phone\" _builder_version= \"4.15\u2033 _module_preset= \"default \" custom_padding= \"2vh||2vh||true|false \" custom_padding_tablet= \" \" custom_padding_phone= \"0vh||0vh||true|false \" global_colors_info= \"{} \"][et_pb_column type= \"4_4\u2033 _builder_version= \"4.15\u2033 _module_preset= \"default \" global_colors_info= \"{} \"][et_pb_text _builder_version= \"4.15\u2033 _module_preset= \"default \" header_font= \"Oswald|600||||||| \" header_text_color= \"#125671\u2033 header_font_size= \"2.5vw \" text_font_size_last_edited=\"off|desktop \" header_font_size_tablet=\"4vw \" header_font_size_phone=\"30px \" header_font_size_last_edited=\"on|phone \" global_colors_info=\"{} \"]<\/p>\n<h1>Rechtliche Hinweise<\/h1>\n<p>[\/et_pb_text][\/et_pb_column][\/et_pb_row][\/et_pb_section][et_pb_section fb_built= \"1\u2033 custom_padding_last_edited= \"on|phone \" admin_label= \"Inhalte\" _builder_version= \"4.15\u2033 _module_preset= \"default \" custom_margin_tablet= \" \" custom_margin_phone= \"0px||0px|true|false\" custom_margin_last_edited= \"on|phone\" custom_padding_tablet= \" \" custom_padding_phone= \"0px||0px|true|false\" global_colors_info= \"{}\"][et_pb_row _builder_version= \"4.15\u2033 _module_preset= \"default \" global_colors_info= \"{} \"][et_pb_column type= \"4_4\u2033 _builder_version= \"4.15\u2033 _module_preset= \"default \" global_colors_info= \"{} \"][et_pb_text _builder_version= \"4.15\u2033 _module_preset= \"default\" text_font= \"Open Sans|300||||||| \" text_font_size= \"1.3em \" header_2_font= \"Oswald|||||||| \" header_2_font_size= \"1.5vw \" text_font_size_tablet=\"1.2em \" text_font_size_phone=\"16px \" text_font_size_last_edited=\"on|desktop \" header_2_font_size_tablet=\"3vw \" header_2_font_size_phone=\"24px \" header_2_font_size_last_edited=\"on|phone\" global_colors_info=\"{} \"]<\/p>\n<h2>1. Herausgeber<\/h2>\n<p><strong>WESCO<\/strong> \u2013 Route de Cholet \u2013 79140 Cerizay \u2013 FRANKREICH \u2013 webmaster@wesco.fr \u2013 Geb\u00fchrenfreie Nummer: 0 800 311 297<\/p>\n<p>SAS mit einem Kapital von 1 000 000 \u20ac R.C.S NIORT 304 764 863 - APE 4649Z - T.V.A.: FR 52 304 764 863<\/p>\n<p>Leiter der Ver\u00f6ffentlichung: EQUIPE WESCO<\/p>\n<p>Der Herausgeber verpflichtet sich, alle Gesetze bez\u00fcglich der Einrichtung und der T\u00e4tigkeit einer Internetseite einzuhalten. Der Zugriff auf die Url <a href=\"https:\/\/www.wesco-group.com\/de\/\">www.wesco-group.com<\/a> ist kostenlos. Die Kosten f\u00fcr den Zugang und die Nutzung des Telekommunikationsnetzes tr\u00e4gt jeder Nutzer der Website gem\u00e4\u00df den von seinen Internetanbietern und Telekommunikationsbetreibern festgelegten Modalit\u00e4ten.<\/p>\n<p>Es wird daran erinnert, dass der betr\u00fcgerische Zugang zu einem Computersystem oder der betr\u00fcgerische Verbleib in einem Computersystem, die Behinderung oder Verf\u00e4lschung der Funktionsweise eines solchen Systems sowie die betr\u00fcgerische Eingabe oder \u00c4nderung von Daten in ein Computersystem Straftaten darstellen, die strafrechtlich verfolgt werden k\u00f6nnen.<\/p>\n<p>[\/et_pb_text][et_pb_text _builder_version= \"4.15\u2033 _module_preset= \"default \" text_font= \"Open Sans|300||||||| \" text_font_size= \"1.3em \" header_2_font= \"Oswald|||||||| \" header_2_font_size= \"1.5vw \" text_font_size_tablet= \"1.2em \" text_font_size_phone= \"16px \" text_font_size_last_edited= \"on|desktop \" header_2_font_size_tablet= \"3vw \" header_2_font_size_phone= \"24px \" header_2_font_size_last_edited= \"on|phone \" global_colors_info= \"{} \"]<\/p>\n<h2>2. Hosting<\/h2>\n<p>Die Seite <a href=\"https:\/\/www.wesco-group.com\/de\/\">www.wesco-group.com<\/a> wird von der Firma OVHcloud gehostet<\/p>\n<p>SAS mit einem Kapital von 10.000.000 \u20ac<\/p>\n<p>RCS Roubaix - Tourcoing 424 761 419 00045<\/p>\n<p>APE-Code 6202A<\/p>\n<p>TVA-NUMMER: FR 22 424 761 419<\/p>\n<p>Hauptsitz: 2 rue Kellermann - 59100 Roubaix - Frankreich www.ovh.com<\/p>\n<p>[\/et_pb_text][et_pb_text _builder_version= \"4.15\u2033 _module_preset= \"default \" text_font= \"Open Sans|300||||||| \" text_font_size= \"1.3em \" header_2_font= \"Oswald|||||||| \" header_2_font_size= \"1.5vw \" text_font_size_tablet= \"1.2em \" text_font_size_phone= \"16px \" text_font_size_last_edited= \"on|desktop \" header_2_font_size_tablet= \"3vw \" header_2_font_size_phone= \"24px \" header_2_font_size_last_edited= \"on|phone \" global_colors_info= \"{} \"]<\/p>\n<h2>3. Kredite<\/h2>\n<p>WESCO TEAM[\/et_pb_text][et_pb_text _builder_version= \"4.15\u2033 _module_preset= \"default \" text_font= \"Open Sans|300||||||| \" text_font_size= \"1.3em \" header_2_font= \"Oswald|||||||| \" header_2_font_size= \"1.5vw \" text_font_size_tablet= \"1.2em \" text_font_size_phone= \"16px \" text_font_size_last_edited= \"on|desktop \" header_2_font_size_tablet= \"3vw \" header_2_font_size_phone= \"24px \" header_2_font_size_last_edited= \"on|phone \" global_colors_info= \"{} \"]<\/p>\n<h2>4. Zugang zur Seite<\/h2>\n<p>Der Nutzer der Website <a href=\"https:\/\/www.wesco-group.com\/de\/\">www.wesco-group.com<\/a> best\u00e4tigt, dass er \u00fcber die Kompetenz und die notwendigen Mittel verf\u00fcgt, um auf diese Website zuzugreifen und sie zu nutzen.<\/p>\n<p>Die Nutzer dieser Website sind verpflichtet, die Bestimmungen des Gesetzes \u00fcber Informatik, Dateien und Freiheitsrechte einzuhalten, deren Verletzung strafrechtlich geahndet werden kann.<\/p>\n<p>Sie m\u00fcssen insbesondere, wenn es sich um namentliche Informationen handelt, auf die sie zugreifen, jede Sammlung, jede zweckentfremdete Verwendung und generell jede Handlung unterlassen, die das Privatleben oder den Ruf von Personen beeintr\u00e4chtigen k\u00f6nnte.<\/p>\n<p>[\/et_pb_text][et_pb_text _builder_version= \"4.15\u2033 _module_preset= \"default \" text_font= \"Open Sans|300||||||| \" text_font_size= \"1.3em \" header_2_font= \"Oswald|||||||| \" header_2_font_size= \"1.5vw \" text_font_size_tablet= \"1.2em \" text_font_size_phone= \"16px \" text_font_size_last_edited= \"on|desktop \" header_2_font_size_tablet= \"3vw \" header_2_font_size_phone= \"24px \" header_2_font_size_last_edited= \"on|phone \" global_colors_info= \"{} \"]<\/p>\n<h2>5. System zur Verwaltung von Inhalten<\/h2>\n<p>Diese Website wurde mit WordPress erstellt und wird mit jeder neuen Version aktualisiert.<\/p>\n<p>WordPress ist ein kostenloses und freies Content Management System (CMS).[\/et_pb_text][et_pb_text _builder_version= \"4.15\u2033 _module_preset= \"default \" text_font= \"Open Sans|300||||||| \" text_font_size= \"1.3em \" header_2_font= \"Oswald|||||||| \" header_2_font_size= \"1.5vw \" text_font_size_tablet=\"1.2em \" text_font_size_phone=\"16px \" text_font_size_last_edited=\"on|desktop \" header_2_font_size_tablet=\"3vw \" header_2_font_size_phone=\"24px \" header_2_font_size_last_edited=\"on|phone\" global_colors_info=\"{} \"]<\/p>\n<h2>6. Inhalt der Seite<\/h2>\n<p>Wesco stellt den Nutzern der Website Folgendes zur Verf\u00fcgung <a href=\"https:\/\/www.wesco-group.com\/de\/\">www.wesco-group.com<\/a> verf\u00fcgbare und gepr\u00fcfte Informationen und Tools, haftet jedoch nicht f\u00fcr Fehler oder die Nichtverf\u00fcgbarkeit bestimmter Informationen.<\/p>\n<p>Wir danken den Nutzern der Website, dass sie uns \u00fcber eventuelle Auslassungen, Fehler oder Korrekturen informieren, indem sie eine E-Mail an den Webmaster der Website unter der Adresse : <a href=\"mailto:webmaster@wesco.fr\">webmaster@wesco.fr<\/a><\/p>\n<p>[\/et_pb_text][et_pb_text _builder_version= \"4.15\u2033 _module_preset= \"default \" text_font= \"Open Sans|300||||||| \" text_font_size= \"1.3em \" header_2_font= \"Oswald|||||||| \" header_2_font_size= \"1.5vw \" text_font_size_tablet= \"1.2em \" text_font_size_phone= \"16px \" text_font_size_last_edited= \"on|desktop \" header_2_font_size_tablet= \"3vw \" header_2_font_size_phone= \"24px \" header_2_font_size_last_edited= \"on|phone \" global_colors_info= \"{} \"]<\/p>\n<h2>7. Eigenschaften und Links<\/h2>\n<p>Die allgemeine Struktur sowie die Software, Texte, animierten oder fixen Bilder, T\u00f6ne, Know-how, Zeichnungen, Grafiken und alle anderen Elemente, aus denen die Website besteht. <a href=\"https:\/\/www.wesco-group.com\/de\/\">www.wesco-group.com<\/a> werden ausschlie\u00dflich von Wesco verwendet. Jede vollst\u00e4ndige oder teilweise Darstellung dieser Website, gleich durch welches Verfahren, ohne ausdr\u00fcckliche Genehmigung von Wesco ist untersagt und stellt eine F\u00e4lschung dar, die gem\u00e4\u00df Artikel L335-2 ff. des Gesetzes \u00fcber geistiges Eigentum bestraft wird.<\/p>\n<p>Die Hyperlinks, die im Rahmen dieser Website zu anderen Ressourcen im Internet eingerichtet werden, d\u00fcrfen nicht von anderen Nutzern verwendet werden.<\/p>\n<p>k\u00f6nnen Wesco nicht haftbar gemacht werden.<\/p>\n<p>Wesco erlaubt die Einrichtung eines Hypertext-Links, der auf seinen Inhalt verweist, vorbehaltlich :<\/p>\n<p>- keine Deep-Linking-Technik verwenden, d. h., dass die Seiten der Website <a href=\"https:\/\/www.wesco-group.com\/de\/\">www.wesco-group.com<\/a> d\u00fcrfen nicht innerhalb der Seiten einer anderen Website verschachtelt sein, sondern m\u00fcssen durch das \u00d6ffnen eines Fensters zug\u00e4nglich sein.<\/p>\n<p>- die Quelle angeben, die durch einen Hyperlink direkt auf den beabsichtigten Inhalt verweist.<\/p>\n<p>- die Informationen nur f\u00fcr pers\u00f6nliche, assoziative oder berufliche Zwecke zu nutzen; jegliche Nutzung f\u00fcr kommerzielle oder Werbezwecke ist ausgeschlossen.<\/p>\n<p>Achtung!!! Diese Genehmigung gilt nicht f\u00fcr Websites, die polemische, pornografische, p\u00e4dophile oder fremdenfeindliche Informationen verbreiten oder in gr\u00f6\u00dferem Ma\u00dfe die Sensibilit\u00e4t der gr\u00f6\u00dften Zahl von Menschen beeintr\u00e4chtigen k\u00f6nnen.<\/p>\n<p>F\u00fcr andere Verwendungszwecke richten Sie bitte eine Anfrage an : <a href=\"mailto:webmaster@wesco.fr\">webmaster@wesco.fr<\/a><\/p>\n<p>Die auf der Website abgebildeten Marken von WESCO sind eingetragene Marken. Jede vollst\u00e4ndige oder teilweise Reproduktion dieser Marken ohne ausdr\u00fcckliche Genehmigung von WESCO ist daher verboten. Sie k\u00f6nnen uns f\u00fcr solche Anfragen unter folgender Adresse kontaktieren <a href=\"mailto:webmaster@wesco.fr\">webmaster@wesco.fr<\/a>.<\/p>\n<p>[\/et_pb_text][et_pb_text _builder_version= \"4.15\u2033 _module_preset= \"default \" text_font= \"Open Sans|300||||||| \" text_font_size= \"1.3em \" header_2_font= \"Oswald|||||||| \" header_2_font_size= \"1.5vw \" text_font_size_tablet= \"1.2em \" text_font_size_phone= \"16px \" text_font_size_last_edited= \"on|desktop \" header_2_font_size_tablet= \"3vw \" header_2_font_size_phone= \"24px \" header_2_font_size_last_edited= \"on|phone \" global_colors_info= \"{} \"]<\/p>\n<h2>8. Technische Informationen<\/h2>\n<p><span>Es wird darauf hingewiesen, dass das Briefgeheimnis im Internet nicht gew\u00e4hrleistet ist und dass es jedem Internetnutzer obliegt, alle geeigneten Ma\u00dfnahmen zu ergreifen, um seine eigenen Daten und\/oder Software vor einer Kontamination durch m\u00f6gliche Viren, die im Internet zirkulieren, zu sch\u00fctzen.<\/span><\/p>\n<p>[\/et_pb_text][et_pb_text _builder_version= \"4.15\u2033 _module_preset= \"default \" text_font= \"Open Sans|300||||||| \" text_font_size= \"1.3em \" header_2_font= \"Oswald|||||||| \" header_2_font_size= \"1.5vw \" text_font_size_tablet= \"1.2em \" text_font_size_phone= \"16px \" text_font_size_last_edited= \"on|desktop \" header_2_font_size_tablet= \"3vw \" header_2_font_size_phone= \"24px \" header_2_font_size_last_edited= \"on|phone \" global_colors_info= \"{} \"]<\/p>\n<h2>9. Pers\u00f6nliche Daten<\/h2>\n<p>Auf der Website werden keine pers\u00f6nlichen Informationen gesammelt. <a href=\"https:\/\/www.wesco-group.com\/de\/\">www.wesco-group.com<\/a> ohne Ihr Wissen gespeichert oder an Dritte weitergegeben werden.<\/p>\n<p>IP-Adressen sind f\u00fcr rein technische Zwecke und f\u00fcr Statistiken \u00fcber die Zugriffe bestimmt. Briefe und Dokumente, die \u00fcber die elektronische Post empfangen oder gesendet werden, werden ein Jahr lang aufbewahrt.<\/p>\n<p>Pers\u00f6nliche Daten werden nur so lange gespeichert, wie es f\u00fcr die Durchf\u00fchrung von Informationskampagnen des Unternehmens Wesco (z. B. Newsletter...) erforderlich ist.<\/p>\n<p>Gem\u00e4\u00df dem Gesetz \u00fcber Informatik und Freiheiten vom 06.01.1978 haben Sie ein Recht auf Zugang, Berichtigung und Widerspruch zu den Sie betreffenden Informationen, das Sie aus\u00fcben k\u00f6nnen: - per E-Mail an : <a href=\"mailto:webmaster@wesco.fr\">webmaster@wesco.fr<\/a><\/p>\n<p>\u2022 per Post an: WESCO \u2013 Route de Cholet \u2013 79140 Cerizay \u2013 FRANKREICH<\/p>\n<p>Um die Bearbeitung Ihrer Anfrage zu erleichtern, empfehlen wir Ihnen, Ihren Vor- und Nachnamen, Ihre E-Mail- oder Postadresse anzugeben.<\/p>\n<p>Gem\u00e4\u00df den geltenden Vorschriften muss Ihr Antrag unterschrieben und von einer Fotokopie eines Identit\u00e4tsnachweises begleitet sein, der Ihre Unterschrift tr\u00e4gt, und die Adresse angeben, an die die Antwort geschickt werden soll. Eine Antwort wird Ihnen dann innerhalb von maximal einem Monat nach Eingang des Antrags zugesandt.<\/p>\n<p>Im Falle einer Berichtigung werden wir Ihnen auf einfache Anfrage eine Kopie der Informationen in der berichtigten Form zusenden.<\/p>\n<p>[\/et_pb_text][et_pb_text _builder_version= \"4.15\u2033 _module_preset= \"default \" text_font= \"Open Sans|300||||||| \" text_font_size= \"1.3em \" header_2_font= \"Oswald|||||||| \" header_2_font_size= \"1.5vw \" text_font_size_tablet= \"1.2em \" text_font_size_phone= \"16px \" text_font_size_last_edited= \"on|desktop \" header_2_font_size_tablet= \"3vw \" header_2_font_size_phone= \"24px \" header_2_font_size_last_edited= \"on|phone \" global_colors_info= \"{} \"]<\/p>\n<h2>10. Cookies<\/h2>\n<p>Beim Besuch unserer Website werden Cookies auf Ihrem Computer, Handy oder Tablet abgelegt.<\/p>\n<p>Cookies\" sind kleine Dateien, die es erm\u00f6glichen, Daten \u00fcber Ihre Navigation auf unserer Website zu speichern und daf\u00fcr zu sorgen, dass sie ordnungsgem\u00e4\u00df funktioniert. Cookies k\u00f6nnen nur von dem Server gelesen werden, der sie erstellt hat.<\/p>\n<p><strong>Wie kann ich Cookies ablehnen?<\/strong><\/p>\n<p>Cookies werden vom Internetbrowser Ihres Computers verwaltet.<\/p>\n<p>Sie k\u00f6nnen die Cookies auf unserer Website einschr\u00e4nken, blockieren oder l\u00f6schen, indem Sie die Einstellungen Ihres Internetbrowsers \u00e4ndern. Wir empfehlen Ihnen jedoch dringend, sie aktiv zu lassen, um keine Verschlechterung der Zugangsbedingungen zu unserem Webservice zu erleiden.<\/p>\n<p>Weitere Informationen zu Cookies auf der Website der CNIL (Commission Nationale de l'Informatique et des Libert\u00e9s) : <a href=\"https:\/\/www.cnil.fr\/fr\/cookies-les-outils-pour-les-maitriser\" target=\"_blank\" rel=\"noopener\">https:\/\/www.cnil.fr\/fr\/cookies-les-outils-pour-les-maitriser<\/a><\/p>\n<p>[\/et_pb_text][et_pb_text _builder_version= \"4.15\u2033 _module_preset= \"default \" text_font= \"Open Sans|300||||||| \" text_font_size= \"1.3em \" header_2_font= \"Oswald|||||||| \" header_2_font_size= \"1.5vw \" text_font_size_tablet= \"1.2em \" text_font_size_phone= \"16px \" text_font_size_last_edited= \"on|desktop \" header_2_font_size_tablet= \"3vw \" header_2_font_size_phone= \"24px \" header_2_font_size_last_edited= \"on|phone \" global_colors_info= \"{} \"]<\/p>\n<h2>11. Anwendbares Recht<\/h2>\n<p><span>Die Nutzung dieser Website unterliegt dem franz\u00f6sischen Recht, unter Ausschluss aller anderen Gesetze.<\/span><\/p>\n<p>[\/et_pb_text][\/et_pb_column][\/et_pb_row][\/et_pb_section]<\/p>","protected":false},"excerpt":{"rendered":"<p>Rechtliche Hinweise1. Herausgeber WESCO \u2013 Route de Cholet \u2013 79140 Cerizay \u2013 FRANKREICH \u2013 webmaster@wesco.fr \u2013 Geb\u00fchrenfreie Nummer: 0 800 311 297 SAS mit einem Kapital von 1.000.000 \u20ac RCS NIORT 304 764 863 \u2013 APE 4649Z \u2013 MwSt.: FR 52 304 764 863 Direktor der Ver\u00f6ffentlichung: WESCO-TEAM Der Herausgeber [\u2026]<\/p>","protected":false},"author":1,"featured_media":0,"parent":0,"menu_order":0,"comment_status":"closed","ping_status":"closed","template":"","meta":{"_et_pb_use_builder":"on","_et_pb_old_content":"","_et_gb_content_width":"","inline_featured_image":false,"footnotes":""},"class_list":["post-241551","page","type-page","status-publish","hentry"],"yoast_head":"<!-- This site is optimized with the Yoast SEO plugin v25.9 - https:\/\/yoast.com\/wordpress\/plugins\/seo\/ -->\n<title>Mentions l\u00e9gales - Wesco<\/title>\n<meta name=\"robots\" content=\"index, follow, max-snippet:-1, max-image-preview:large, max-video-preview:-1\" \/>\n<link rel=\"canonical\" href=\"https:\/\/www.wesco-group.com\/de\/mentions-legales\/\" \/>\n<meta property=\"og:locale\" content=\"de_DE\" \/>\n<meta property=\"og:type\" content=\"article\" \/>\n<meta property=\"og:title\" content=\"Mentions l\u00e9gales - Wesco\" \/>\n<meta property=\"og:description\" content=\"Mentions l\u00e9gales1. \u00c9diteur WESCO - Route de Cholet\u00a0 - 79140 Cerizay - FRANCE - webmaster@wesco.fr - N\u00b0 Vert : 0 800 311 297 SAS au capital de 1 000 000 \u20ac R.C.S NIORT 304 764 863 - APE 4649Z - T.V.A. : FR 52 304 764 863 Directeur de la publication : EQUIPE WESCO L&#039;\u00e9diteur [&hellip;]\" \/>\n<meta property=\"og:url\" content=\"https:\/\/www.wesco-group.com\/de\/mentions-legales\/\" \/>\n<meta property=\"og:site_name\" content=\"Wesco\" \/>\n<meta property=\"article:modified_time\" content=\"2024-11-04T12:46:05+00:00\" \/>\n<meta name=\"twitter:card\" content=\"summary_large_image\" \/>\n<meta name=\"twitter:label1\" content=\"Gesch\u00e4tzte Lesezeit\" \/>\n\t<meta name=\"twitter:data1\" content=\"11\u00a0Minuten\" \/>\n<script type=\"application\/ld+json\" class=\"yoast-schema-graph\">{\"@context\":\"https:\/\/schema.org\",\"@graph\":[{\"@type\":\"WebPage\",\"@id\":\"https:\/\/www.wesco-group.com\/mentions-legales\/\",\"url\":\"https:\/\/www.wesco-group.com\/mentions-legales\/\",\"name\":\"Mentions l\u00e9gales - Wesco\",\"isPartOf\":{\"@id\":\"https:\/\/www.wesco-group.com\/#website\"},\"datePublished\":\"2021-09-12T08:43:40+00:00\",\"dateModified\":\"2024-11-04T12:46:05+00:00\",\"breadcrumb\":{\"@id\":\"https:\/\/www.wesco-group.com\/mentions-legales\/#breadcrumb\"},\"inLanguage\":\"de\",\"potentialAction\":[{\"@type\":\"ReadAction\",\"target\":[\"https:\/\/www.wesco-group.com\/mentions-legales\/\"]}]},{\"@type\":\"BreadcrumbList\",\"@id\":\"https:\/\/www.wesco-group.com\/mentions-legales\/#breadcrumb\",\"itemListElement\":[{\"@type\":\"ListItem\",\"position\":1,\"name\":\"Accueil\",\"item\":\"https:\/\/www.wesco-group.com\/\"},{\"@type\":\"ListItem\",\"position\":2,\"name\":\"Mentions l\u00e9gales\"}]},{\"@type\":\"WebSite\",\"@id\":\"https:\/\/www.wesco-group.com\/#website\",\"url\":\"https:\/\/www.wesco-group.com\/\",\"name\":\"Wesco\",\"description\":\"Mobilier enfant, pu\u00e9riculture, jeux et mat\u00e9riel \u00e9ducatif\",\"potentialAction\":[{\"@type\":\"SearchAction\",\"target\":{\"@type\":\"EntryPoint\",\"urlTemplate\":\"https:\/\/www.wesco-group.com\/?s={search_term_string}\"},\"query-input\":{\"@type\":\"PropertyValueSpecification\",\"valueRequired\":true,\"valueName\":\"search_term_string\"}}],\"inLanguage\":\"de\"}]}<\/script>\n<!-- \/ Yoast SEO plugin. -->","yoast_head_json":{"title":"Rechtliche Hinweise - Wesco","robots":{"index":"index","follow":"follow","max-snippet":"max-snippet:-1","max-image-preview":"max-image-preview:large","max-video-preview":"max-video-preview:-1"},"canonical":"https:\/\/www.wesco-group.com\/de\/mentions-legales\/","og_locale":"de_DE","og_type":"article","og_title":"Mentions l\u00e9gales - Wesco","og_description":"Mentions l\u00e9gales1. \u00c9diteur WESCO - Route de Cholet\u00a0 - 79140 Cerizay - FRANCE - webmaster@wesco.fr - N\u00b0 Vert : 0 800 311 297 SAS au capital de 1 000 000 \u20ac R.C.S NIORT 304 764 863 - APE 4649Z - T.V.A. : FR 52 304 764 863 Directeur de la publication : EQUIPE WESCO L'\u00e9diteur [&hellip;]","og_url":"https:\/\/www.wesco-group.com\/de\/mentions-legales\/","og_site_name":"Wesco","article_modified_time":"2024-11-04T12:46:05+00:00","twitter_card":"summary_large_image","twitter_misc":{"Gesch\u00e4tzte Lesezeit":"11\u00a0Minuten"},"schema":{"@context":"https:\/\/schema.org","@graph":[{"@type":"WebPage","@id":"https:\/\/www.wesco-group.com\/mentions-legales\/","url":"https:\/\/www.wesco-group.com\/mentions-legales\/","name":"Rechtliche Hinweise - Wesco","isPartOf":{"@id":"https:\/\/www.wesco-group.com\/#website"},"datePublished":"2021-09-12T08:43:40+00:00","dateModified":"2024-11-04T12:46:05+00:00","breadcrumb":{"@id":"https:\/\/www.wesco-group.com\/mentions-legales\/#breadcrumb"},"inLanguage":"de","potentialAction":[{"@type":"ReadAction","target":["https:\/\/www.wesco-group.com\/mentions-legales\/"]}]},{"@type":"BreadcrumbList","@id":"https:\/\/www.wesco-group.com\/mentions-legales\/#breadcrumb","itemListElement":[{"@type":"ListItem","position":1,"name":"Accueil","item":"https:\/\/www.wesco-group.com\/"},{"@type":"ListItem","position":2,"name":"Mentions l\u00e9gales"}]},{"@type":"WebSite","@id":"https:\/\/www.wesco-group.com\/#website","url":"https:\/\/www.wesco-group.com\/","name":"Wesco","description":"Kinderm\u00f6bel, Kinderpflege, Spiele und Lernmaterialien","potentialAction":[{"@type":"SearchAction","target":{"@type":"EntryPoint","urlTemplate":"https:\/\/www.wesco-group.com\/?s={search_term_string}"},"query-input":{"@type":"PropertyValueSpecification","valueRequired":true,"valueName":"search_term_string"}}],"inLanguage":"de"}]}},"_links":{"self":[{"href":"https:\/\/www.wesco-group.com\/de\/wp-json\/wp\/v2\/pages\/241551","targetHints":{"allow":["GET"]}}],"collection":[{"href":"https:\/\/www.wesco-group.com\/de\/wp-json\/wp\/v2\/pages"}],"about":[{"href":"https:\/\/www.wesco-group.com\/de\/wp-json\/wp\/v2\/types\/page"}],"author":[{"embeddable":true,"href":"https:\/\/www.wesco-group.com\/de\/wp-json\/wp\/v2\/users\/1"}],"replies":[{"embeddable":true,"href":"https:\/\/www.wesco-group.com\/de\/wp-json\/wp\/v2\/comments?post=241551"}],"version-history":[{"count":15,"href":"https:\/\/www.wesco-group.com\/de\/wp-json\/wp\/v2\/pages\/241551\/revisions"}],"predecessor-version":[{"id":244060,"href":"https:\/\/www.wesco-group.com\/de\/wp-json\/wp\/v2\/pages\/241551\/revisions\/244060"}],"wp:attachment":[{"href":"https:\/\/www.wesco-group.com\/de\/wp-json\/wp\/v2\/media?parent=241551"}],"curies":[{"name":"wp","href":"https:\/\/api.w.org\/{rel}","templated":true}]}}